{"id":3736,"date":"2020-01-14T14:11:00","date_gmt":"2020-01-14T13:11:00","guid":{"rendered":"https:\/\/www.abr-initia.com\/banking-2\/"},"modified":"2020-01-14T14:13:19","modified_gmt":"2020-01-14T13:13:19","slug":"banking","status":"publish","type":"page","link":"https:\/\/www.abr-initia.com\/en\/banking\/","title":{"rendered":"Banking"},"content":{"rendered":"\t\t<div data-elementor-type=\"wp-page\" data-elementor-id=\"3736\" class=\"elementor elementor-3736 elementor-3733\" data-elementor-post-type=\"page\">\n\t\t\t\t\t\t<section class=\"elementor-section elementor-top-section elementor-element elementor-element-57036f45 elementor-section-height-min-height elementor-section-boxed elementor-section-height-default elementor-section-items-middle\" data-id=\"57036f45\" data-element_type=\"section\" data-settings=\"{&quot;background_background&quot;:&quot;classic&quot;}\">\n\t\t\t\t\t\t\t<div class=\"elementor-background-overlay\"><\/div>\n\t\t\t\t\t\t\t<div class=\"elementor-container elementor-column-gap-default\">\n\t\t\t\t\t<div class=\"elementor-column elementor-col-100 elementor-top-column elementor-element elementor-element-df9bf4c\" data-id=\"df9bf4c\" data-element_type=\"column\">\n\t\t\t<div class=\"elementor-widget-wrap elementor-element-populated\">\n\t\t\t\t\t\t<div class=\"elementor-element elementor-element-4afafc46 elementor-widget elementor-widget-text-editor\" data-id=\"4afafc46\" data-element_type=\"widget\" data-widget_type=\"text-editor.default\">\n\t\t\t\t<div class=\"elementor-widget-container\">\n\t\t\t\t\t\t\t\t\t<h4 class=\"p1\" style=\"text-align: left;\"><span class=\"s1\" style=\"color: #ffffff;\"><i>Pioneers in banking law<\/i><\/span><\/h4>\n\t\t\t\t\t\t\t\t<\/div>\n\t\t\t\t<\/div>\n\t\t\t\t\t<\/div>\n\t\t<\/div>\n\t\t\t\t\t<\/div>\n\t\t<\/section>\n\t\t\t\t<section class=\"elementor-section elementor-top-section elementor-element elementor-element-1823bbb3 elementor-section-height-min-height elementor-section-boxed elementor-section-height-default elementor-section-items-middle\" data-id=\"1823bbb3\" data-element_type=\"section\" data-settings=\"{&quot;background_background&quot;:&quot;classic&quot;}\">\n\t\t\t\t\t\t<div class=\"elementor-container elementor-column-gap-default\">\n\t\t\t\t\t<div class=\"elementor-column elementor-col-50 elementor-top-column elementor-element elementor-element-2b00b3b2\" data-id=\"2b00b3b2\" data-element_type=\"column\" data-settings=\"{&quot;background_background&quot;:&quot;classic&quot;}\">\n\t\t\t<div class=\"elementor-widget-wrap elementor-element-populated\">\n\t\t\t\t\t<div class=\"elementor-background-overlay\"><\/div>\n\t\t\t\t\t\t<div class=\"elementor-element elementor-element-3006a4ef elementor-widget elementor-widget-image\" data-id=\"3006a4ef\" data-element_type=\"widget\" data-widget_type=\"image.default\">\n\t\t\t\t<div class=\"elementor-widget-container\">\n\t\t\t\t\t\t\t\t\t\t\t\t\t\t\t<img fetchpriority=\"high\" decoding=\"async\" width=\"531\" height=\"509\" src=\"https:\/\/www.abr-initia.com\/wp-content\/uploads\/2020\/01\/bancario-abr-initia.jpg\" class=\"attachment-full size-full wp-image-3250\" alt=\"\" srcset=\"https:\/\/www.abr-initia.com\/wp-content\/uploads\/2020\/01\/bancario-abr-initia.jpg 531w, https:\/\/www.abr-initia.com\/wp-content\/uploads\/2020\/01\/bancario-abr-initia-300x288.jpg 300w\" sizes=\"(max-width: 531px) 100vw, 531px\" \/>\t\t\t\t\t\t\t\t\t\t\t\t\t\t\t<\/div>\n\t\t\t\t<\/div>\n\t\t\t\t\t<\/div>\n\t\t<\/div>\n\t\t\t\t<div class=\"elementor-column elementor-col-50 elementor-top-column elementor-element elementor-element-7e25591a\" data-id=\"7e25591a\" data-element_type=\"column\" data-settings=\"{&quot;background_background&quot;:&quot;classic&quot;}\">\n\t\t\t<div class=\"elementor-widget-wrap elementor-element-populated\">\n\t\t\t\t\t\t<div class=\"elementor-element elementor-element-707a124b elementor-widget elementor-widget-text-editor\" data-id=\"707a124b\" data-element_type=\"widget\" data-widget_type=\"text-editor.default\">\n\t\t\t\t<div class=\"elementor-widget-container\">\n\t\t\t\t\t\t\t\t\t<p class=\"p1\"><span class=\"s1\">For years we have been representing private clients and companies affected by banking malpractice in the commercialization of complex financial products, such as convertible bonds, Swaps and so on.<\/span><\/p>\n<p class=\"p1\"><span class=\"s1\">With regard to mortgages, we defend the interests of those affected by abusive mortgage clauses, among them, floor clauses and those who contracted multi-currency mortgages.<\/span><\/p>\n\t\t\t\t\t\t\t\t<\/div>\n\t\t\t\t<\/div>\n\t\t\t\t<div class=\"elementor-element elementor-element-5fb5ab86 elementor-widget-divider--view-line elementor-widget elementor-widget-divider\" data-id=\"5fb5ab86\" data-element_type=\"widget\" data-widget_type=\"divider.default\">\n\t\t\t\t<div class=\"elementor-widget-container\">\n\t\t\t\t\t\t\t<div class=\"elementor-divider\">\n\t\t\t<span class=\"elementor-divider-separator\">\n\t\t\t\t\t\t<\/span>\n\t\t<\/div>\n\t\t\t\t\t\t<\/div>\n\t\t\t\t<\/div>\n\t\t\t\t<div class=\"elementor-element elementor-element-5e97bfc2 elementor-widget elementor-widget-button\" data-id=\"5e97bfc2\" data-element_type=\"widget\" data-widget_type=\"button.default\">\n\t\t\t\t<div class=\"elementor-widget-container\">\n\t\t\t\t\t\t\t\t\t<div class=\"elementor-button-wrapper\">\n\t\t\t\t\t<a class=\"elementor-button elementor-button-link elementor-size-sm\" href=\"https:\/\/www.abr-initia.com\/en\/contact\/\">\n\t\t\t\t\t\t<span class=\"elementor-button-content-wrapper\">\n\t\t\t\t\t\t\t\t\t<span class=\"elementor-button-text\">Contact<\/span>\n\t\t\t\t\t<\/span>\n\t\t\t\t\t<\/a>\n\t\t\t\t<\/div>\n\t\t\t\t\t\t\t\t<\/div>\n\t\t\t\t<\/div>\n\t\t\t\t\t<\/div>\n\t\t<\/div>\n\t\t\t\t\t<\/div>\n\t\t<\/section>\n\t\t\t\t<\/div>\n\t\t","protected":false},"excerpt":{"rendered":"<p>Pioneers in banking law For years we have been representing private clients and companies affected by banking malpractice in the commercialization of complex financial products, such as convertible bonds, Swaps and so on. With regard to mortgages, we defend the interests of those affected by abusive mortgage clauses, among them, floor clauses and those who [&hellip;]<\/p>\n","protected":false},"author":1,"featured_media":0,"parent":0,"menu_order":0,"comment_status":"closed","ping_status":"closed","template":"elementor_canvas","meta":{"site-sidebar-layout":"default","site-content-layout":"default","ast-site-content-layout":"","site-content-style":"default","site-sidebar-style":"default","ast-global-header-display":"","ast-banner-title-visibility":"","ast-main-header-display":"","ast-hfb-above-header-display":"","ast-hfb-below-header-display":"","ast-hfb-mobile-header-display":"","site-post-title":"","ast-breadcrumbs-content":"","ast-featured-img":"","footer-sml-layout":"","theme-transparent-header-meta":"default","adv-header-id-meta":"","stick-header-meta":"","header-above-stick-meta":"","header-main-stick-meta":"","header-below-stick-meta":"","astra-migrate-meta-layouts":"default","ast-page-background-enabled":"default","ast-page-background-meta":{"desktop":{"background-color":"","background-image":"","background-repeat":"repeat","background-position":"center center","background-size":"auto","background-attachment":"scroll","background-type":"","background-media":"","overlay-type":"","overlay-color":"","overlay-opacity":"","overlay-gradient":""},"tablet":{"background-color":"","background-image":"","background-repeat":"repeat","background-position":"center center","background-size":"auto","background-attachment":"scroll","background-type":"","background-media":"","overlay-type":"","overlay-color":"","overlay-opacity":"","overlay-gradient":""},"mobile":{"background-color":"","background-image":"","background-repeat":"repeat","background-position":"center center","background-size":"auto","background-attachment":"scroll","background-type":"","background-media":"","overlay-type":"","overlay-color":"","overlay-opacity":"","overlay-gradient":""}},"ast-content-background-meta":{"desktop":{"background-color":"var(--ast-global-color-5)","background-image":"","background-repeat":"repeat","background-position":"center center","background-size":"auto","background-attachment":"scroll","background-type":"","background-media":"","overlay-type":"","overlay-color":"","overlay-opacity":"","overlay-gradient":""},"tablet":{"background-color":"var(--ast-global-color-5)","background-image":"","background-repeat":"repeat","background-position":"center center","background-size":"auto","background-attachment":"scroll","background-type":"","background-media":"","overlay-type":"","overlay-color":"","overlay-opacity":"","overlay-gradient":""},"mobile":{"background-color":"var(--ast-global-color-5)","background-image":"","background-repeat":"repeat","background-position":"center center","background-size":"auto","background-attachment":"scroll","background-type":"","background-media":"","overlay-type":"","overlay-color":"","overlay-opacity":"","overlay-gradient":""}},"footnotes":""},"class_list":["post-3736","page","type-page","status-publish","hentry"],"yoast_head":"<!-- This site is optimized with the Yoast SEO plugin v25.5 - https:\/\/yoast.com\/wordpress\/plugins\/seo\/ -->\n<title>Banking - ABR-Initia Abogados<\/title>\n<meta name=\"robots\" content=\"index, follow, max-snippet:-1, max-image-preview:large, max-video-preview:-1\" \/>\n<link rel=\"canonical\" href=\"https:\/\/www.abr-initia.com\/en\/banking\/\" \/>\n<meta property=\"og:locale\" content=\"en_US\" \/>\n<meta property=\"og:type\" content=\"article\" \/>\n<meta property=\"og:title\" content=\"Banking - ABR-Initia Abogados\" \/>\n<meta property=\"og:description\" content=\"Pioneers in banking law For years we have been representing private clients and companies affected by banking malpractice in the commercialization of complex financial products, such as convertible bonds, Swaps and so on. With regard to mortgages, we defend the interests of those affected by abusive mortgage clauses, among them, floor clauses and those who [&hellip;]\" \/>\n<meta property=\"og:url\" content=\"https:\/\/www.abr-initia.com\/en\/banking\/\" \/>\n<meta property=\"og:site_name\" content=\"ABR-Initia Abogados\" \/>\n<meta property=\"article:publisher\" content=\"https:\/\/www.facebook.com\/Initiaaboagados\/\" \/>\n<meta property=\"article:modified_time\" content=\"2020-01-14T13:13:19+00:00\" \/>\n<meta property=\"og:image\" content=\"https:\/\/www.abr-initia.com\/wp-content\/uploads\/2020\/01\/bancario-abr-initia.jpg\" \/>\n<meta name=\"twitter:card\" content=\"summary_large_image\" \/>\n<meta name=\"twitter:site\" content=\"@initiaabogados\" \/>\n<script type=\"application\/ld+json\" class=\"yoast-schema-graph\">{\"@context\":\"https:\/\/schema.org\",\"@graph\":[{\"@type\":\"WebPage\",\"@id\":\"https:\/\/www.abr-initia.com\/en\/banking\/\",\"url\":\"https:\/\/www.abr-initia.com\/en\/banking\/\",\"name\":\"Banking - ABR-Initia Abogados\",\"isPartOf\":{\"@id\":\"https:\/\/www.abr-initia.com\/#website\"},\"primaryImageOfPage\":{\"@id\":\"https:\/\/www.abr-initia.com\/en\/banking\/#primaryimage\"},\"image\":{\"@id\":\"https:\/\/www.abr-initia.com\/en\/banking\/#primaryimage\"},\"thumbnailUrl\":\"https:\/\/www.abr-initia.com\/wp-content\/uploads\/2020\/01\/bancario-abr-initia.jpg\",\"datePublished\":\"2020-01-14T13:11:00+00:00\",\"dateModified\":\"2020-01-14T13:13:19+00:00\",\"breadcrumb\":{\"@id\":\"https:\/\/www.abr-initia.com\/en\/banking\/#breadcrumb\"},\"inLanguage\":\"en-US\",\"potentialAction\":[{\"@type\":\"ReadAction\",\"target\":[\"https:\/\/www.abr-initia.com\/en\/banking\/\"]}]},{\"@type\":\"ImageObject\",\"inLanguage\":\"en-US\",\"@id\":\"https:\/\/www.abr-initia.com\/en\/banking\/#primaryimage\",\"url\":\"https:\/\/www.abr-initia.com\/wp-content\/uploads\/2020\/01\/bancario-abr-initia.jpg\",\"contentUrl\":\"https:\/\/www.abr-initia.com\/wp-content\/uploads\/2020\/01\/bancario-abr-initia.jpg\"},{\"@type\":\"BreadcrumbList\",\"@id\":\"https:\/\/www.abr-initia.com\/en\/banking\/#breadcrumb\",\"itemListElement\":[{\"@type\":\"ListItem\",\"position\":1,\"name\":\"Home\",\"item\":\"https:\/\/www.abr-initia.com\/en\/\"},{\"@type\":\"ListItem\",\"position\":2,\"name\":\"Banking\"}]},{\"@type\":\"WebSite\",\"@id\":\"https:\/\/www.abr-initia.com\/#website\",\"url\":\"https:\/\/www.abr-initia.com\/\",\"name\":\"ABR-Initia Abogados\",\"description\":\"ABR Initia es un despacho de abogados con m\u00e1s de 25 a\u00f1os de experiencia en V\u00e9lez M\u00e1laga. Est\u00e1 formado por un amplio equipo de abogados profesionales.\",\"publisher\":{\"@id\":\"https:\/\/www.abr-initia.com\/#organization\"},\"potentialAction\":[{\"@type\":\"SearchAction\",\"target\":{\"@type\":\"EntryPoint\",\"urlTemplate\":\"https:\/\/www.abr-initia.com\/?s={search_term_string}\"},\"query-input\":{\"@type\":\"PropertyValueSpecification\",\"valueRequired\":true,\"valueName\":\"search_term_string\"}}],\"inLanguage\":\"en-US\"},{\"@type\":\"Organization\",\"@id\":\"https:\/\/www.abr-initia.com\/#organization\",\"name\":\"ABR-Initia Abogados\",\"url\":\"https:\/\/www.abr-initia.com\/\",\"logo\":{\"@type\":\"ImageObject\",\"inLanguage\":\"en-US\",\"@id\":\"https:\/\/www.abr-initia.com\/#\/schema\/logo\/image\/\",\"url\":\"https:\/\/www.abr-initia.com\/wp-content\/uploads\/2020\/02\/portada-web-movil-414x500-1.jpg\",\"contentUrl\":\"https:\/\/www.abr-initia.com\/wp-content\/uploads\/2020\/02\/portada-web-movil-414x500-1.jpg\",\"width\":414,\"height\":500,\"caption\":\"ABR-Initia Abogados\"},\"image\":{\"@id\":\"https:\/\/www.abr-initia.com\/#\/schema\/logo\/image\/\"},\"sameAs\":[\"https:\/\/www.facebook.com\/Initiaaboagados\/\",\"https:\/\/x.com\/initiaabogados\"]}]}<\/script>\n<!-- \/ Yoast SEO plugin. -->","yoast_head_json":{"title":"Banking - ABR-Initia Abogados","robots":{"index":"index","follow":"follow","max-snippet":"max-snippet:-1","max-image-preview":"max-image-preview:large","max-video-preview":"max-video-preview:-1"},"canonical":"https:\/\/www.abr-initia.com\/en\/banking\/","og_locale":"en_US","og_type":"article","og_title":"Banking - ABR-Initia Abogados","og_description":"Pioneers in banking law For years we have been representing private clients and companies affected by banking malpractice in the commercialization of complex financial products, such as convertible bonds, Swaps and so on. With regard to mortgages, we defend the interests of those affected by abusive mortgage clauses, among them, floor clauses and those who [&hellip;]","og_url":"https:\/\/www.abr-initia.com\/en\/banking\/","og_site_name":"ABR-Initia Abogados","article_publisher":"https:\/\/www.facebook.com\/Initiaaboagados\/","article_modified_time":"2020-01-14T13:13:19+00:00","og_image":[{"url":"https:\/\/www.abr-initia.com\/wp-content\/uploads\/2020\/01\/bancario-abr-initia.jpg","type":"","width":"","height":""}],"twitter_card":"summary_large_image","twitter_site":"@initiaabogados","schema":{"@context":"https:\/\/schema.org","@graph":[{"@type":"WebPage","@id":"https:\/\/www.abr-initia.com\/en\/banking\/","url":"https:\/\/www.abr-initia.com\/en\/banking\/","name":"Banking - ABR-Initia Abogados","isPartOf":{"@id":"https:\/\/www.abr-initia.com\/#website"},"primaryImageOfPage":{"@id":"https:\/\/www.abr-initia.com\/en\/banking\/#primaryimage"},"image":{"@id":"https:\/\/www.abr-initia.com\/en\/banking\/#primaryimage"},"thumbnailUrl":"https:\/\/www.abr-initia.com\/wp-content\/uploads\/2020\/01\/bancario-abr-initia.jpg","datePublished":"2020-01-14T13:11:00+00:00","dateModified":"2020-01-14T13:13:19+00:00","breadcrumb":{"@id":"https:\/\/www.abr-initia.com\/en\/banking\/#breadcrumb"},"inLanguage":"en-US","potentialAction":[{"@type":"ReadAction","target":["https:\/\/www.abr-initia.com\/en\/banking\/"]}]},{"@type":"ImageObject","inLanguage":"en-US","@id":"https:\/\/www.abr-initia.com\/en\/banking\/#primaryimage","url":"https:\/\/www.abr-initia.com\/wp-content\/uploads\/2020\/01\/bancario-abr-initia.jpg","contentUrl":"https:\/\/www.abr-initia.com\/wp-content\/uploads\/2020\/01\/bancario-abr-initia.jpg"},{"@type":"BreadcrumbList","@id":"https:\/\/www.abr-initia.com\/en\/banking\/#breadcrumb","itemListElement":[{"@type":"ListItem","position":1,"name":"Home","item":"https:\/\/www.abr-initia.com\/en\/"},{"@type":"ListItem","position":2,"name":"Banking"}]},{"@type":"WebSite","@id":"https:\/\/www.abr-initia.com\/#website","url":"https:\/\/www.abr-initia.com\/","name":"ABR-Initia Abogados","description":"ABR Initia es un despacho de abogados con m\u00e1s de 25 a\u00f1os de experiencia en V\u00e9lez M\u00e1laga. Est\u00e1 formado por un amplio equipo de abogados profesionales.","publisher":{"@id":"https:\/\/www.abr-initia.com\/#organization"},"potentialAction":[{"@type":"SearchAction","target":{"@type":"EntryPoint","urlTemplate":"https:\/\/www.abr-initia.com\/?s={search_term_string}"},"query-input":{"@type":"PropertyValueSpecification","valueRequired":true,"valueName":"search_term_string"}}],"inLanguage":"en-US"},{"@type":"Organization","@id":"https:\/\/www.abr-initia.com\/#organization","name":"ABR-Initia Abogados","url":"https:\/\/www.abr-initia.com\/","logo":{"@type":"ImageObject","inLanguage":"en-US","@id":"https:\/\/www.abr-initia.com\/#\/schema\/logo\/image\/","url":"https:\/\/www.abr-initia.com\/wp-content\/uploads\/2020\/02\/portada-web-movil-414x500-1.jpg","contentUrl":"https:\/\/www.abr-initia.com\/wp-content\/uploads\/2020\/02\/portada-web-movil-414x500-1.jpg","width":414,"height":500,"caption":"ABR-Initia Abogados"},"image":{"@id":"https:\/\/www.abr-initia.com\/#\/schema\/logo\/image\/"},"sameAs":["https:\/\/www.facebook.com\/Initiaaboagados\/","https:\/\/x.com\/initiaabogados"]}]}},"_links":{"self":[{"href":"https:\/\/www.abr-initia.com\/en\/wp-json\/wp\/v2\/pages\/3736","targetHints":{"allow":["GET"]}}],"collection":[{"href":"https:\/\/www.abr-initia.com\/en\/wp-json\/wp\/v2\/pages"}],"about":[{"href":"https:\/\/www.abr-initia.com\/en\/wp-json\/wp\/v2\/types\/page"}],"author":[{"embeddable":true,"href":"https:\/\/www.abr-initia.com\/en\/wp-json\/wp\/v2\/users\/1"}],"replies":[{"embeddable":true,"href":"https:\/\/www.abr-initia.com\/en\/wp-json\/wp\/v2\/comments?post=3736"}],"version-history":[{"count":6,"href":"https:\/\/www.abr-initia.com\/en\/wp-json\/wp\/v2\/pages\/3736\/revisions"}],"predecessor-version":[{"id":3742,"href":"https:\/\/www.abr-initia.com\/en\/wp-json\/wp\/v2\/pages\/3736\/revisions\/3742"}],"wp:attachment":[{"href":"https:\/\/www.abr-initia.com\/en\/wp-json\/wp\/v2\/media?parent=3736"}],"curies":[{"name":"wp","href":"https:\/\/api.w.org\/{rel}","templated":true}]}}