{"id":3599,"date":"2020-01-14T12:52:16","date_gmt":"2020-01-14T11:52:16","guid":{"rendered":"https:\/\/www.abr-initia.com\/the-firm\/"},"modified":"2020-01-15T08:29:58","modified_gmt":"2020-01-15T07:29:58","slug":"the-firm","status":"publish","type":"page","link":"https:\/\/www.abr-initia.com\/en\/the-firm\/","title":{"rendered":"The Firm"},"content":{"rendered":"\t\t<div data-elementor-type=\"wp-page\" data-elementor-id=\"3599\" class=\"elementor elementor-3599 elementor-3213\" data-elementor-post-type=\"page\">\n\t\t\t\t\t\t<section class=\"elementor-section elementor-top-section elementor-element elementor-element-48fa6158 elementor-section-height-min-height elementor-section-stretched elementor-section-boxed elementor-section-height-default elementor-section-items-middle\" data-id=\"48fa6158\" data-element_type=\"section\" data-settings=\"{&quot;background_background&quot;:&quot;classic&quot;,&quot;stretch_section&quot;:&quot;section-stretched&quot;}\">\n\t\t\t\t\t\t\t<div class=\"elementor-background-overlay\"><\/div>\n\t\t\t\t\t\t\t<div class=\"elementor-container elementor-column-gap-default\">\n\t\t\t\t\t<div class=\"elementor-column elementor-col-100 elementor-top-column elementor-element elementor-element-477ab632\" data-id=\"477ab632\" data-element_type=\"column\">\n\t\t\t<div class=\"elementor-widget-wrap elementor-element-populated\">\n\t\t\t\t\t\t<div class=\"elementor-element elementor-element-2fbd1fcb elementor-widget elementor-widget-text-editor\" data-id=\"2fbd1fcb\" data-element_type=\"widget\" data-widget_type=\"text-editor.default\">\n\t\t\t\t<div class=\"elementor-widget-container\">\n\t\t\t\t\t\t\t\t\t<h4 class=\"p1\" style=\"text-align: left;\"><span class=\"s1\" style=\"color: #ffffff;\"><i>Welcome to the website of our law firm, which we conceive as a meeting point and a space in which to interact. Let us introduce ourselves.<\/i><\/span><\/h4>\t\t\t\t\t\t\t\t<\/div>\n\t\t\t\t<\/div>\n\t\t\t\t\t<\/div>\n\t\t<\/div>\n\t\t\t\t\t<\/div>\n\t\t<\/section>\n\t\t\t\t<section class=\"elementor-section elementor-top-section elementor-element elementor-element-224cf88 elementor-section-stretched elementor-section-boxed elementor-section-height-default elementor-section-height-default\" data-id=\"224cf88\" data-element_type=\"section\" data-settings=\"{&quot;stretch_section&quot;:&quot;section-stretched&quot;}\">\n\t\t\t\t\t\t<div class=\"elementor-container elementor-column-gap-default\">\n\t\t\t\t\t<div class=\"elementor-column elementor-col-50 elementor-top-column elementor-element elementor-element-5c04555d\" data-id=\"5c04555d\" data-element_type=\"column\" data-settings=\"{&quot;background_background&quot;:&quot;classic&quot;}\">\n\t\t\t<div class=\"elementor-widget-wrap elementor-element-populated\">\n\t\t\t\t\t\t<div class=\"elementor-element elementor-element-7549d15f elementor-widget elementor-widget-text-editor\" data-id=\"7549d15f\" data-element_type=\"widget\" data-widget_type=\"text-editor.default\">\n\t\t\t\t<div class=\"elementor-widget-container\">\n\t\t\t\t\t\t\t\t\t<p class=\"p1\"><span class=\"s1\">Abr Initia is a\u00a0<span style=\"color: #b4042f;\"><strong>law firm<\/strong><\/span>\u00a0that stands out for its\u00a0<span style=\"color: #b4042f;\"><strong>independent, interdisciplinary and international nature.<\/strong><\/span><\/span><\/p><p class=\"p3\"><span class=\"s1\">We represent national, foreign and corporate clients. We specialize in resolving conflicts both in the judicial sphere and\u00a0<span class=\"Apple-converted-space\">\u00a0<\/span>through negotiation. Our job is the defense of the client in pre-litigious and litigious matters within civil, commercial, insolvency, criminal and tax law proceedings.<\/span><\/p>\t\t\t\t\t\t\t\t<\/div>\n\t\t\t\t<\/div>\n\t\t\t\t\t<\/div>\n\t\t<\/div>\n\t\t\t\t<div class=\"elementor-column elementor-col-50 elementor-top-column elementor-element elementor-element-6274110d\" data-id=\"6274110d\" data-element_type=\"column\">\n\t\t\t<div class=\"elementor-widget-wrap elementor-element-populated\">\n\t\t\t\t\t\t<div class=\"elementor-element elementor-element-2928e475 elementor-widget elementor-widget-image\" data-id=\"2928e475\" data-element_type=\"widget\" data-widget_type=\"image.default\">\n\t\t\t\t<div class=\"elementor-widget-container\">\n\t\t\t\t\t\t\t\t\t\t\t\t\t\t\t<img decoding=\"async\" width=\"145\" height=\"176\" src=\"https:\/\/www.abr-initia.com\/wp-content\/uploads\/2020\/01\/logo-abr-initia-trazado.png\" class=\"attachment-medium_large size-medium_large wp-image-3371\" alt=\"\" \/>\t\t\t\t\t\t\t\t\t\t\t\t\t\t\t<\/div>\n\t\t\t\t<\/div>\n\t\t\t\t\t<\/div>\n\t\t<\/div>\n\t\t\t\t\t<\/div>\n\t\t<\/section>\n\t\t\t\t<section class=\"elementor-section elementor-top-section elementor-element elementor-element-77124feb elementor-section-stretched elementor-section-boxed elementor-section-height-default elementor-section-height-default\" data-id=\"77124feb\" data-element_type=\"section\" data-settings=\"{&quot;background_background&quot;:&quot;classic&quot;,&quot;stretch_section&quot;:&quot;section-stretched&quot;}\">\n\t\t\t\t\t\t<div class=\"elementor-container elementor-column-gap-default\">\n\t\t\t\t\t<div class=\"elementor-column elementor-col-100 elementor-top-column elementor-element elementor-element-361116d6\" data-id=\"361116d6\" data-element_type=\"column\">\n\t\t\t<div class=\"elementor-widget-wrap elementor-element-populated\">\n\t\t\t\t\t\t<div class=\"elementor-element elementor-element-1d3f2afd elementor-widget elementor-widget-heading\" data-id=\"1d3f2afd\" data-element_type=\"widget\" data-widget_type=\"heading.default\">\n\t\t\t\t<div class=\"elementor-widget-container\">\n\t\t\t\t\t<h2 class=\"elementor-heading-title elementor-size-default\">OUR PRINCIPLES<\/h2>\t\t\t\t<\/div>\n\t\t\t\t<\/div>\n\t\t\t\t\t<\/div>\n\t\t<\/div>\n\t\t\t\t\t<\/div>\n\t\t<\/section>\n\t\t\t\t<section class=\"elementor-section elementor-top-section elementor-element elementor-element-3e47f949 elementor-section-stretched elementor-section-boxed elementor-section-height-default elementor-section-height-default\" data-id=\"3e47f949\" data-element_type=\"section\" data-settings=\"{&quot;background_background&quot;:&quot;classic&quot;,&quot;stretch_section&quot;:&quot;section-stretched&quot;}\">\n\t\t\t\t\t\t\t<div class=\"elementor-background-overlay\"><\/div>\n\t\t\t\t\t\t\t<div class=\"elementor-container elementor-column-gap-extended\">\n\t\t\t\t\t<div class=\"elementor-column elementor-col-25 elementor-top-column elementor-element elementor-element-89bfdb\" data-id=\"89bfdb\" data-element_type=\"column\">\n\t\t\t<div class=\"elementor-widget-wrap elementor-element-populated\">\n\t\t\t\t\t\t<div class=\"elementor-element elementor-element-7e321b45 elementor-widget elementor-widget-heading\" data-id=\"7e321b45\" data-element_type=\"widget\" data-widget_type=\"heading.default\">\n\t\t\t\t<div class=\"elementor-widget-container\">\n\t\t\t\t\t<h2 class=\"elementor-heading-title elementor-size-default\">Independency<\/h2>\t\t\t\t<\/div>\n\t\t\t\t<\/div>\n\t\t\t\t<div class=\"elementor-element elementor-element-e1169e9 elementor-widget elementor-widget-text-editor\" data-id=\"e1169e9\" data-element_type=\"widget\" data-widget_type=\"text-editor.default\">\n\t\t\t\t<div class=\"elementor-widget-container\">\n\t\t\t\t\t\t\t\t\t<p><span class=\"s1\">We provide a personalized service from and independent stance.<br \/><\/span><span class=\"s1\">We are fully aware that each case and client is different, therefore we work with that premise in mind; we are renowned for being very\u00a0 professional as well as always having a\u00a0 personal approach.<\/span><\/p>\t\t\t\t\t\t\t\t<\/div>\n\t\t\t\t<\/div>\n\t\t\t\t\t<\/div>\n\t\t<\/div>\n\t\t\t\t<div class=\"elementor-column elementor-col-25 elementor-top-column elementor-element elementor-element-7cda109b\" data-id=\"7cda109b\" data-element_type=\"column\">\n\t\t\t<div class=\"elementor-widget-wrap elementor-element-populated\">\n\t\t\t\t\t\t<div class=\"elementor-element elementor-element-24dd5ef2 elementor-widget elementor-widget-heading\" data-id=\"24dd5ef2\" data-element_type=\"widget\" data-widget_type=\"heading.default\">\n\t\t\t\t<div class=\"elementor-widget-container\">\n\t\t\t\t\t<h2 class=\"elementor-heading-title elementor-size-default\">Interdisciplinary<\/h2>\t\t\t\t<\/div>\n\t\t\t\t<\/div>\n\t\t\t\t<div class=\"elementor-element elementor-element-627ca624 elementor-widget elementor-widget-text-editor\" data-id=\"627ca624\" data-element_type=\"widget\" data-widget_type=\"text-editor.default\">\n\t\t\t\t<div class=\"elementor-widget-container\">\n\t\t\t\t\t\t\t\t\t<p>We teamed up throughout the years, strategically connecting several disciplines toward helping you to achieve your goals. We have a broad view of the Law, having at your disposal, economists, architects, surveyor and forensic experts,<\/p>\t\t\t\t\t\t\t\t<\/div>\n\t\t\t\t<\/div>\n\t\t\t\t\t<\/div>\n\t\t<\/div>\n\t\t\t\t<div class=\"elementor-column elementor-col-25 elementor-top-column elementor-element elementor-element-128a5791\" data-id=\"128a5791\" data-element_type=\"column\">\n\t\t\t<div class=\"elementor-widget-wrap elementor-element-populated\">\n\t\t\t\t\t\t<div class=\"elementor-element elementor-element-32a2b6e4 elementor-widget elementor-widget-heading\" data-id=\"32a2b6e4\" data-element_type=\"widget\" data-widget_type=\"heading.default\">\n\t\t\t\t<div class=\"elementor-widget-container\">\n\t\t\t\t\t<h2 class=\"elementor-heading-title elementor-size-default\">Transparency<\/h2>\t\t\t\t<\/div>\n\t\t\t\t<\/div>\n\t\t\t\t<div class=\"elementor-element elementor-element-7eb44f08 elementor-widget elementor-widget-text-editor\" data-id=\"7eb44f08\" data-element_type=\"widget\" data-widget_type=\"text-editor.default\">\n\t\t\t\t<div class=\"elementor-widget-container\">\n\t\t\t\t\t\t\t\t\t<p>Our clients are always duly informed about the current state of their legal issue in comprehensible terms.<\/p>\t\t\t\t\t\t\t\t<\/div>\n\t\t\t\t<\/div>\n\t\t\t\t\t<\/div>\n\t\t<\/div>\n\t\t\t\t<div class=\"elementor-column elementor-col-25 elementor-top-column elementor-element elementor-element-5118458e\" data-id=\"5118458e\" data-element_type=\"column\">\n\t\t\t<div class=\"elementor-widget-wrap elementor-element-populated\">\n\t\t\t\t\t\t<div class=\"elementor-element elementor-element-64c63c6a elementor-widget elementor-widget-heading\" data-id=\"64c63c6a\" data-element_type=\"widget\" data-widget_type=\"heading.default\">\n\t\t\t\t<div class=\"elementor-widget-container\">\n\t\t\t\t\t<h2 class=\"elementor-heading-title elementor-size-default\">Pragmatism<\/h2>\t\t\t\t<\/div>\n\t\t\t\t<\/div>\n\t\t\t\t<div class=\"elementor-element elementor-element-6a7e9ab0 elementor-widget elementor-widget-text-editor\" data-id=\"6a7e9ab0\" data-element_type=\"widget\" data-widget_type=\"text-editor.default\">\n\t\t\t\t<div class=\"elementor-widget-container\">\n\t\t\t\t\t\t\t\t\t<p>We operate proportionally, avoiding superfluous actions and meeting the client\u2019s goals in the shortest period of time.<\/p>\t\t\t\t\t\t\t\t<\/div>\n\t\t\t\t<\/div>\n\t\t\t\t\t<\/div>\n\t\t<\/div>\n\t\t\t\t\t<\/div>\n\t\t<\/section>\n\t\t\t\t<section class=\"elementor-section elementor-top-section elementor-element elementor-element-11e20c0a elementor-section-stretched elementor-section-boxed elementor-section-height-default elementor-section-height-default\" data-id=\"11e20c0a\" data-element_type=\"section\" data-settings=\"{&quot;stretch_section&quot;:&quot;section-stretched&quot;}\">\n\t\t\t\t\t\t<div class=\"elementor-container elementor-column-gap-default\">\n\t\t\t\t\t<div class=\"elementor-column elementor-col-50 elementor-top-column elementor-element elementor-element-36eb4ac\" data-id=\"36eb4ac\" data-element_type=\"column\">\n\t\t\t<div class=\"elementor-widget-wrap elementor-element-populated\">\n\t\t\t\t\t\t<div class=\"elementor-element elementor-element-2cb3d66c elementor-widget elementor-widget-heading\" data-id=\"2cb3d66c\" data-element_type=\"widget\" data-widget_type=\"heading.default\">\n\t\t\t\t<div class=\"elementor-widget-container\">\n\t\t\t\t\t<h3 class=\"elementor-heading-title elementor-size-default\">Internacional<\/h3>\t\t\t\t<\/div>\n\t\t\t\t<\/div>\n\t\t\t\t<div class=\"elementor-element elementor-element-1d5619aa elementor-widget elementor-widget-text-editor\" data-id=\"1d5619aa\" data-element_type=\"widget\" data-widget_type=\"text-editor.default\">\n\t\t\t\t<div class=\"elementor-widget-container\">\n\t\t\t\t\t\t\t\t\t<p style=\"text-align: left;\">Given our location on the Costa del Sol, we have been advising international clients for more than 25 years, providing them with a full service from arrival.<\/p>\t\t\t\t\t\t\t\t<\/div>\n\t\t\t\t<\/div>\n\t\t\t\t\t<\/div>\n\t\t<\/div>\n\t\t\t\t<div class=\"elementor-column elementor-col-50 elementor-top-column elementor-element elementor-element-2e1dd715\" data-id=\"2e1dd715\" data-element_type=\"column\">\n\t\t\t<div class=\"elementor-widget-wrap elementor-element-populated\">\n\t\t\t\t\t\t<div class=\"elementor-element elementor-element-1bf1163e elementor-align-center elementor-widget elementor-widget-button\" data-id=\"1bf1163e\" data-element_type=\"widget\" data-widget_type=\"button.default\">\n\t\t\t\t<div class=\"elementor-widget-container\">\n\t\t\t\t\t\t\t\t\t<div class=\"elementor-button-wrapper\">\n\t\t\t\t\t<a class=\"elementor-button elementor-button-link elementor-size-sm\" href=\"\/contact\/\">\n\t\t\t\t\t\t<span class=\"elementor-button-content-wrapper\">\n\t\t\t\t\t\t\t\t\t<span class=\"elementor-button-text\">Contact us<\/span>\n\t\t\t\t\t<\/span>\n\t\t\t\t\t<\/a>\n\t\t\t\t<\/div>\n\t\t\t\t\t\t\t\t<\/div>\n\t\t\t\t<\/div>\n\t\t\t\t\t<\/div>\n\t\t<\/div>\n\t\t\t\t\t<\/div>\n\t\t<\/section>\n\t\t\t\t<\/div>\n\t\t","protected":false},"excerpt":{"rendered":"<p>Welcome to the website of our law firm, which we conceive as a meeting point and a space in which to interact. Let us introduce ourselves. Abr Initia is a\u00a0law firm\u00a0that stands out for its\u00a0independent, interdisciplinary and international nature. We represent national, foreign and corporate clients. We specialize in resolving conflicts both in the judicial [&hellip;]<\/p>\n","protected":false},"author":1,"featured_media":0,"parent":0,"menu_order":0,"comment_status":"open","ping_status":"closed","template":"elementor_header_footer","meta":{"site-sidebar-layout":"no-sidebar","site-content-layout":"page-builder","ast-site-content-layout":"","site-content-style":"default","site-sidebar-style":"default","ast-global-header-display":"","ast-banner-title-visibility":"","ast-main-header-display":"","ast-hfb-above-header-display":"","ast-hfb-below-header-display":"","ast-hfb-mobile-header-display":"","site-post-title":"","ast-breadcrumbs-content":"","ast-featured-img":"","footer-sml-layout":"","theme-transparent-header-meta":"","adv-header-id-meta":"","stick-header-meta":"","header-above-stick-meta":"","header-main-stick-meta":"","header-below-stick-meta":"","astra-migrate-meta-layouts":"default","ast-page-background-enabled":"default","ast-page-background-meta":{"desktop":{"background-color":"","background-image":"","background-repeat":"repeat","background-position":"center center","background-size":"auto","background-attachment":"scroll","background-type":"","background-media":"","overlay-type":"","overlay-color":"","overlay-opacity":"","overlay-gradient":""},"tablet":{"background-color":"","background-image":"","background-repeat":"repeat","background-position":"center center","background-size":"auto","background-attachment":"scroll","background-type":"","background-media":"","overlay-type":"","overlay-color":"","overlay-opacity":"","overlay-gradient":""},"mobile":{"background-color":"","background-image":"","background-repeat":"repeat","background-position":"center center","background-size":"auto","background-attachment":"scroll","background-type":"","background-media":"","overlay-type":"","overlay-color":"","overlay-opacity":"","overlay-gradient":""}},"ast-content-background-meta":{"desktop":{"background-color":"var(--ast-global-color-5)","background-image":"","background-repeat":"repeat","background-position":"center center","background-size":"auto","background-attachment":"scroll","background-type":"","background-media":"","overlay-type":"","overlay-color":"","overlay-opacity":"","overlay-gradient":""},"tablet":{"background-color":"var(--ast-global-color-5)","background-image":"","background-repeat":"repeat","background-position":"center center","background-size":"auto","background-attachment":"scroll","background-type":"","background-media":"","overlay-type":"","overlay-color":"","overlay-opacity":"","overlay-gradient":""},"mobile":{"background-color":"var(--ast-global-color-5)","background-image":"","background-repeat":"repeat","background-position":"center center","background-size":"auto","background-attachment":"scroll","background-type":"","background-media":"","overlay-type":"","overlay-color":"","overlay-opacity":"","overlay-gradient":""}},"footnotes":""},"class_list":["post-3599","page","type-page","status-publish","hentry"],"yoast_head":"<!-- This site is optimized with the Yoast SEO plugin v25.5 - https:\/\/yoast.com\/wordpress\/plugins\/seo\/ -->\n<title>The Firm - ABR-Initia Abogados<\/title>\n<meta name=\"robots\" content=\"index, follow, max-snippet:-1, max-image-preview:large, max-video-preview:-1\" \/>\n<link rel=\"canonical\" href=\"https:\/\/www.abr-initia.com\/en\/the-firm\/\" \/>\n<meta property=\"og:locale\" content=\"en_US\" \/>\n<meta property=\"og:type\" content=\"article\" \/>\n<meta property=\"og:title\" content=\"The Firm - ABR-Initia Abogados\" \/>\n<meta property=\"og:description\" content=\"Welcome to the website of our law firm, which we conceive as a meeting point and a space in which to interact. Let us introduce ourselves. Abr Initia is a\u00a0law firm\u00a0that stands out for its\u00a0independent, interdisciplinary and international nature. We represent national, foreign and corporate clients. We specialize in resolving conflicts both in the judicial [&hellip;]\" \/>\n<meta property=\"og:url\" content=\"https:\/\/www.abr-initia.com\/en\/the-firm\/\" \/>\n<meta property=\"og:site_name\" content=\"ABR-Initia Abogados\" \/>\n<meta property=\"article:publisher\" content=\"https:\/\/www.facebook.com\/Initiaaboagados\/\" \/>\n<meta property=\"article:modified_time\" content=\"2020-01-15T07:29:58+00:00\" \/>\n<meta property=\"og:image\" content=\"https:\/\/www.abr-initia.com\/wp-content\/uploads\/2020\/01\/logo-abr-initia-trazado.png\" \/>\n<meta name=\"twitter:card\" content=\"summary_large_image\" \/>\n<meta name=\"twitter:site\" content=\"@initiaabogados\" \/>\n<meta name=\"twitter:label1\" content=\"Est. reading time\" \/>\n\t<meta name=\"twitter:data1\" content=\"1 minute\" \/>\n<script type=\"application\/ld+json\" class=\"yoast-schema-graph\">{\"@context\":\"https:\/\/schema.org\",\"@graph\":[{\"@type\":\"WebPage\",\"@id\":\"https:\/\/www.abr-initia.com\/en\/the-firm\/\",\"url\":\"https:\/\/www.abr-initia.com\/en\/the-firm\/\",\"name\":\"The Firm - ABR-Initia Abogados\",\"isPartOf\":{\"@id\":\"https:\/\/www.abr-initia.com\/#website\"},\"primaryImageOfPage\":{\"@id\":\"https:\/\/www.abr-initia.com\/en\/the-firm\/#primaryimage\"},\"image\":{\"@id\":\"https:\/\/www.abr-initia.com\/en\/the-firm\/#primaryimage\"},\"thumbnailUrl\":\"https:\/\/www.abr-initia.com\/wp-content\/uploads\/2020\/01\/logo-abr-initia-trazado.png\",\"datePublished\":\"2020-01-14T11:52:16+00:00\",\"dateModified\":\"2020-01-15T07:29:58+00:00\",\"breadcrumb\":{\"@id\":\"https:\/\/www.abr-initia.com\/en\/the-firm\/#breadcrumb\"},\"inLanguage\":\"en-US\",\"potentialAction\":[{\"@type\":\"ReadAction\",\"target\":[\"https:\/\/www.abr-initia.com\/en\/the-firm\/\"]}]},{\"@type\":\"ImageObject\",\"inLanguage\":\"en-US\",\"@id\":\"https:\/\/www.abr-initia.com\/en\/the-firm\/#primaryimage\",\"url\":\"https:\/\/www.abr-initia.com\/wp-content\/uploads\/2020\/01\/logo-abr-initia-trazado.png\",\"contentUrl\":\"https:\/\/www.abr-initia.com\/wp-content\/uploads\/2020\/01\/logo-abr-initia-trazado.png\"},{\"@type\":\"BreadcrumbList\",\"@id\":\"https:\/\/www.abr-initia.com\/en\/the-firm\/#breadcrumb\",\"itemListElement\":[{\"@type\":\"ListItem\",\"position\":1,\"name\":\"Home\",\"item\":\"https:\/\/www.abr-initia.com\/en\/\"},{\"@type\":\"ListItem\",\"position\":2,\"name\":\"The Firm\"}]},{\"@type\":\"WebSite\",\"@id\":\"https:\/\/www.abr-initia.com\/#website\",\"url\":\"https:\/\/www.abr-initia.com\/\",\"name\":\"ABR-Initia Abogados\",\"description\":\"ABR Initia es un despacho de abogados con m\u00e1s de 25 a\u00f1os de experiencia en V\u00e9lez M\u00e1laga. Est\u00e1 formado por un amplio equipo de abogados profesionales.\",\"publisher\":{\"@id\":\"https:\/\/www.abr-initia.com\/#organization\"},\"potentialAction\":[{\"@type\":\"SearchAction\",\"target\":{\"@type\":\"EntryPoint\",\"urlTemplate\":\"https:\/\/www.abr-initia.com\/?s={search_term_string}\"},\"query-input\":{\"@type\":\"PropertyValueSpecification\",\"valueRequired\":true,\"valueName\":\"search_term_string\"}}],\"inLanguage\":\"en-US\"},{\"@type\":\"Organization\",\"@id\":\"https:\/\/www.abr-initia.com\/#organization\",\"name\":\"ABR-Initia Abogados\",\"url\":\"https:\/\/www.abr-initia.com\/\",\"logo\":{\"@type\":\"ImageObject\",\"inLanguage\":\"en-US\",\"@id\":\"https:\/\/www.abr-initia.com\/#\/schema\/logo\/image\/\",\"url\":\"https:\/\/www.abr-initia.com\/wp-content\/uploads\/2020\/02\/portada-web-movil-414x500-1.jpg\",\"contentUrl\":\"https:\/\/www.abr-initia.com\/wp-content\/uploads\/2020\/02\/portada-web-movil-414x500-1.jpg\",\"width\":414,\"height\":500,\"caption\":\"ABR-Initia Abogados\"},\"image\":{\"@id\":\"https:\/\/www.abr-initia.com\/#\/schema\/logo\/image\/\"},\"sameAs\":[\"https:\/\/www.facebook.com\/Initiaaboagados\/\",\"https:\/\/x.com\/initiaabogados\"]}]}<\/script>\n<!-- \/ Yoast SEO plugin. -->","yoast_head_json":{"title":"The Firm - ABR-Initia Abogados","robots":{"index":"index","follow":"follow","max-snippet":"max-snippet:-1","max-image-preview":"max-image-preview:large","max-video-preview":"max-video-preview:-1"},"canonical":"https:\/\/www.abr-initia.com\/en\/the-firm\/","og_locale":"en_US","og_type":"article","og_title":"The Firm - ABR-Initia Abogados","og_description":"Welcome to the website of our law firm, which we conceive as a meeting point and a space in which to interact. Let us introduce ourselves. Abr Initia is a\u00a0law firm\u00a0that stands out for its\u00a0independent, interdisciplinary and international nature. We represent national, foreign and corporate clients. We specialize in resolving conflicts both in the judicial [&hellip;]","og_url":"https:\/\/www.abr-initia.com\/en\/the-firm\/","og_site_name":"ABR-Initia Abogados","article_publisher":"https:\/\/www.facebook.com\/Initiaaboagados\/","article_modified_time":"2020-01-15T07:29:58+00:00","og_image":[{"url":"https:\/\/www.abr-initia.com\/wp-content\/uploads\/2020\/01\/logo-abr-initia-trazado.png","type":"","width":"","height":""}],"twitter_card":"summary_large_image","twitter_site":"@initiaabogados","twitter_misc":{"Est. reading time":"1 minute"},"schema":{"@context":"https:\/\/schema.org","@graph":[{"@type":"WebPage","@id":"https:\/\/www.abr-initia.com\/en\/the-firm\/","url":"https:\/\/www.abr-initia.com\/en\/the-firm\/","name":"The Firm - ABR-Initia Abogados","isPartOf":{"@id":"https:\/\/www.abr-initia.com\/#website"},"primaryImageOfPage":{"@id":"https:\/\/www.abr-initia.com\/en\/the-firm\/#primaryimage"},"image":{"@id":"https:\/\/www.abr-initia.com\/en\/the-firm\/#primaryimage"},"thumbnailUrl":"https:\/\/www.abr-initia.com\/wp-content\/uploads\/2020\/01\/logo-abr-initia-trazado.png","datePublished":"2020-01-14T11:52:16+00:00","dateModified":"2020-01-15T07:29:58+00:00","breadcrumb":{"@id":"https:\/\/www.abr-initia.com\/en\/the-firm\/#breadcrumb"},"inLanguage":"en-US","potentialAction":[{"@type":"ReadAction","target":["https:\/\/www.abr-initia.com\/en\/the-firm\/"]}]},{"@type":"ImageObject","inLanguage":"en-US","@id":"https:\/\/www.abr-initia.com\/en\/the-firm\/#primaryimage","url":"https:\/\/www.abr-initia.com\/wp-content\/uploads\/2020\/01\/logo-abr-initia-trazado.png","contentUrl":"https:\/\/www.abr-initia.com\/wp-content\/uploads\/2020\/01\/logo-abr-initia-trazado.png"},{"@type":"BreadcrumbList","@id":"https:\/\/www.abr-initia.com\/en\/the-firm\/#breadcrumb","itemListElement":[{"@type":"ListItem","position":1,"name":"Home","item":"https:\/\/www.abr-initia.com\/en\/"},{"@type":"ListItem","position":2,"name":"The Firm"}]},{"@type":"WebSite","@id":"https:\/\/www.abr-initia.com\/#website","url":"https:\/\/www.abr-initia.com\/","name":"ABR-Initia Abogados","description":"ABR Initia es un despacho de abogados con m\u00e1s de 25 a\u00f1os de experiencia en V\u00e9lez M\u00e1laga. Est\u00e1 formado por un amplio equipo de abogados profesionales.","publisher":{"@id":"https:\/\/www.abr-initia.com\/#organization"},"potentialAction":[{"@type":"SearchAction","target":{"@type":"EntryPoint","urlTemplate":"https:\/\/www.abr-initia.com\/?s={search_term_string}"},"query-input":{"@type":"PropertyValueSpecification","valueRequired":true,"valueName":"search_term_string"}}],"inLanguage":"en-US"},{"@type":"Organization","@id":"https:\/\/www.abr-initia.com\/#organization","name":"ABR-Initia Abogados","url":"https:\/\/www.abr-initia.com\/","logo":{"@type":"ImageObject","inLanguage":"en-US","@id":"https:\/\/www.abr-initia.com\/#\/schema\/logo\/image\/","url":"https:\/\/www.abr-initia.com\/wp-content\/uploads\/2020\/02\/portada-web-movil-414x500-1.jpg","contentUrl":"https:\/\/www.abr-initia.com\/wp-content\/uploads\/2020\/02\/portada-web-movil-414x500-1.jpg","width":414,"height":500,"caption":"ABR-Initia Abogados"},"image":{"@id":"https:\/\/www.abr-initia.com\/#\/schema\/logo\/image\/"},"sameAs":["https:\/\/www.facebook.com\/Initiaaboagados\/","https:\/\/x.com\/initiaabogados"]}]}},"_links":{"self":[{"href":"https:\/\/www.abr-initia.com\/en\/wp-json\/wp\/v2\/pages\/3599","targetHints":{"allow":["GET"]}}],"collection":[{"href":"https:\/\/www.abr-initia.com\/en\/wp-json\/wp\/v2\/pages"}],"about":[{"href":"https:\/\/www.abr-initia.com\/en\/wp-json\/wp\/v2\/types\/page"}],"author":[{"embeddable":true,"href":"https:\/\/www.abr-initia.com\/en\/wp-json\/wp\/v2\/users\/1"}],"replies":[{"embeddable":true,"href":"https:\/\/www.abr-initia.com\/en\/wp-json\/wp\/v2\/comments?post=3599"}],"version-history":[{"count":7,"href":"https:\/\/www.abr-initia.com\/en\/wp-json\/wp\/v2\/pages\/3599\/revisions"}],"predecessor-version":[{"id":3772,"href":"https:\/\/www.abr-initia.com\/en\/wp-json\/wp\/v2\/pages\/3599\/revisions\/3772"}],"wp:attachment":[{"href":"https:\/\/www.abr-initia.com\/en\/wp-json\/wp\/v2\/media?parent=3599"}],"curies":[{"name":"wp","href":"https:\/\/api.w.org\/{rel}","templated":true}]}}