{"id":3577,"date":"2020-01-14T12:38:23","date_gmt":"2020-01-14T11:38:23","guid":{"rendered":"https:\/\/www.abr-initia.com\/real-estate\/"},"modified":"2020-01-15T08:29:43","modified_gmt":"2020-01-15T07:29:43","slug":"real-estate-law","status":"publish","type":"page","link":"https:\/\/www.abr-initia.com\/en\/real-estate-law\/","title":{"rendered":"Real estate law"},"content":{"rendered":"\t\t<div data-elementor-type=\"wp-page\" data-elementor-id=\"3577\" class=\"elementor elementor-3577 elementor-3215\" data-elementor-post-type=\"page\">\n\t\t\t\t\t\t<section class=\"elementor-section elementor-top-section elementor-element elementor-element-3acf6a49 elementor-section-height-min-height elementor-section-stretched elementor-section-boxed elementor-section-height-default elementor-section-items-middle\" data-id=\"3acf6a49\" data-element_type=\"section\" data-settings=\"{&quot;background_background&quot;:&quot;classic&quot;,&quot;stretch_section&quot;:&quot;section-stretched&quot;}\">\n\t\t\t\t\t\t\t<div class=\"elementor-background-overlay\"><\/div>\n\t\t\t\t\t\t\t<div class=\"elementor-container elementor-column-gap-default\">\n\t\t\t\t\t<div class=\"elementor-column elementor-col-100 elementor-top-column elementor-element elementor-element-4183ce67\" data-id=\"4183ce67\" data-element_type=\"column\">\n\t\t\t<div class=\"elementor-widget-wrap elementor-element-populated\">\n\t\t\t\t\t\t<div class=\"elementor-element elementor-element-2c61d919 elementor-widget elementor-widget-text-editor\" data-id=\"2c61d919\" data-element_type=\"widget\" data-widget_type=\"text-editor.default\">\n\t\t\t\t<div class=\"elementor-widget-container\">\n\t\t\t\t\t\t\t\t\t<div class=\"mk-page-section-wrapper\"><div id=\"page-section-2\" class=\"mk-page-section self-hosted full_layout full-width-2 js-el js-master-row center-y mk-in-viewport\" data-intro-effect=\"false\"><div class=\"page-section-content vc_row-fluid mk-grid\"><div class=\"mk-padding-wrapper\"><div class=\"vc_col-sm-12 wpb_column column_container _ height-full\"><div id=\"text-block-3\" class=\"mk-text-block \"><h4 class=\"p1\" style=\"text-align: left;\"><span class=\"s1\" style=\"color: #ffffff;\"><i>25 years dealing with real estate transactions.<\/i><\/span><\/h4><\/div><\/div><\/div><\/div><\/div><\/div>\t\t\t\t\t\t\t\t<\/div>\n\t\t\t\t<\/div>\n\t\t\t\t\t<\/div>\n\t\t<\/div>\n\t\t\t\t\t<\/div>\n\t\t<\/section>\n\t\t\t\t<section class=\"elementor-section elementor-top-section elementor-element elementor-element-2d964ced elementor-section-height-min-height elementor-section-stretched elementor-section-boxed elementor-section-height-default elementor-section-items-middle\" data-id=\"2d964ced\" data-element_type=\"section\" data-settings=\"{&quot;background_background&quot;:&quot;classic&quot;,&quot;stretch_section&quot;:&quot;section-stretched&quot;}\">\n\t\t\t\t\t\t<div class=\"elementor-container elementor-column-gap-default\">\n\t\t\t\t\t<div class=\"elementor-column elementor-col-50 elementor-top-column elementor-element elementor-element-57883b83\" data-id=\"57883b83\" data-element_type=\"column\" data-settings=\"{&quot;background_background&quot;:&quot;classic&quot;}\">\n\t\t\t<div class=\"elementor-widget-wrap elementor-element-populated\">\n\t\t\t\t\t<div class=\"elementor-background-overlay\"><\/div>\n\t\t\t\t\t\t<div class=\"elementor-element elementor-element-5acb3f66 elementor-widget elementor-widget-image\" data-id=\"5acb3f66\" data-element_type=\"widget\" data-widget_type=\"image.default\">\n\t\t\t\t<div class=\"elementor-widget-container\">\n\t\t\t\t\t\t\t\t\t\t\t\t\t\t\t<img fetchpriority=\"high\" decoding=\"async\" width=\"531\" height=\"509\" src=\"https:\/\/www.abr-initia.com\/wp-content\/uploads\/2020\/01\/inmobiliario-initia.png\" class=\"attachment-full size-full wp-image-3353\" alt=\"\" srcset=\"https:\/\/www.abr-initia.com\/wp-content\/uploads\/2020\/01\/inmobiliario-initia.png 531w, https:\/\/www.abr-initia.com\/wp-content\/uploads\/2020\/01\/inmobiliario-initia-300x288.png 300w\" sizes=\"(max-width: 531px) 100vw, 531px\" \/>\t\t\t\t\t\t\t\t\t\t\t\t\t\t\t<\/div>\n\t\t\t\t<\/div>\n\t\t\t\t\t<\/div>\n\t\t<\/div>\n\t\t\t\t<div class=\"elementor-column elementor-col-50 elementor-top-column elementor-element elementor-element-45f34551\" data-id=\"45f34551\" data-element_type=\"column\" data-settings=\"{&quot;background_background&quot;:&quot;classic&quot;}\">\n\t\t\t<div class=\"elementor-widget-wrap elementor-element-populated\">\n\t\t\t\t\t\t<div class=\"elementor-element elementor-element-559959f6 elementor-widget elementor-widget-text-editor\" data-id=\"559959f6\" data-element_type=\"widget\" data-widget_type=\"text-editor.default\">\n\t\t\t\t<div class=\"elementor-widget-container\">\n\t\t\t\t\t\t\t\t\t<p class=\"p1\"><span class=\"s1\">We\u00a0 handle all types of real estate transaction. Our services range\u00a0 from advising on the purchase and sale of a residential property to the development and promotion of land; We act on behalf of private clients, developers or investment companies.<\/span><\/p>\n<p class=\"p1\"><span class=\"s1\">We provide a global response in everything related to real estate. Therefore, apart from lawyers, our team is formed by architects, economists and surveyors, which allows us to assist you in any type of project, from start to finish, including the fiscal planning of the operation.<\/span><\/p>\n<p class=\"p1\"><span class=\"s1\">Also, We have developed a real estate department for those lookig to invest in Spain through a Law Firm. We operate through Initia Network Investment S.L.<\/span><\/p>\n\t\t\t\t\t\t\t\t<\/div>\n\t\t\t\t<\/div>\n\t\t\t\t<div class=\"elementor-element elementor-element-15dbff7d elementor-widget-divider--view-line elementor-widget elementor-widget-divider\" data-id=\"15dbff7d\" data-element_type=\"widget\" data-widget_type=\"divider.default\">\n\t\t\t\t<div class=\"elementor-widget-container\">\n\t\t\t\t\t\t\t<div class=\"elementor-divider\">\n\t\t\t<span class=\"elementor-divider-separator\">\n\t\t\t\t\t\t<\/span>\n\t\t<\/div>\n\t\t\t\t\t\t<\/div>\n\t\t\t\t<\/div>\n\t\t\t\t<div class=\"elementor-element elementor-element-14b16ef6 elementor-widget elementor-widget-button\" data-id=\"14b16ef6\" data-element_type=\"widget\" data-widget_type=\"button.default\">\n\t\t\t\t<div class=\"elementor-widget-container\">\n\t\t\t\t\t\t\t\t\t<div class=\"elementor-button-wrapper\">\n\t\t\t\t\t<a class=\"elementor-button elementor-button-link elementor-size-sm\" href=\"\/contact\/\">\n\t\t\t\t\t\t<span class=\"elementor-button-content-wrapper\">\n\t\t\t\t\t\t\t\t\t<span class=\"elementor-button-text\">contact<\/span>\n\t\t\t\t\t<\/span>\n\t\t\t\t\t<\/a>\n\t\t\t\t<\/div>\n\t\t\t\t\t\t\t\t<\/div>\n\t\t\t\t<\/div>\n\t\t\t\t\t<\/div>\n\t\t<\/div>\n\t\t\t\t\t<\/div>\n\t\t<\/section>\n\t\t\t\t<\/div>\n\t\t","protected":false},"excerpt":{"rendered":"<p>25 years dealing with real estate transactions. We\u00a0 handle all types of real estate transaction. Our services range\u00a0 from advising on the purchase and sale of a residential property to the development and promotion of land; We act on behalf of private clients, developers or investment companies. We provide a global response in everything related [&hellip;]<\/p>\n","protected":false},"author":1,"featured_media":0,"parent":0,"menu_order":0,"comment_status":"open","ping_status":"closed","template":"elementor_header_footer","meta":{"site-sidebar-layout":"no-sidebar","site-content-layout":"page-builder","ast-site-content-layout":"","site-content-style":"default","site-sidebar-style":"default","ast-global-header-display":"","ast-banner-title-visibility":"","ast-main-header-display":"","ast-hfb-above-header-display":"","ast-hfb-below-header-display":"","ast-hfb-mobile-header-display":"","site-post-title":"disabled","ast-breadcrumbs-content":"","ast-featured-img":"disabled","footer-sml-layout":"","theme-transparent-header-meta":"default","adv-header-id-meta":"","stick-header-meta":"","header-above-stick-meta":"","header-main-stick-meta":"","header-below-stick-meta":"","astra-migrate-meta-layouts":"default","ast-page-background-enabled":"default","ast-page-background-meta":{"desktop":{"background-color":"","background-image":"","background-repeat":"repeat","background-position":"center center","background-size":"auto","background-attachment":"scroll","background-type":"","background-media":"","overlay-type":"","overlay-color":"","overlay-opacity":"","overlay-gradient":""},"tablet":{"background-color":"","background-image":"","background-repeat":"repeat","background-position":"center center","background-size":"auto","background-attachment":"scroll","background-type":"","background-media":"","overlay-type":"","overlay-color":"","overlay-opacity":"","overlay-gradient":""},"mobile":{"background-color":"","background-image":"","background-repeat":"repeat","background-position":"center center","background-size":"auto","background-attachment":"scroll","background-type":"","background-media":"","overlay-type":"","overlay-color":"","overlay-opacity":"","overlay-gradient":""}},"ast-content-background-meta":{"desktop":{"background-color":"var(--ast-global-color-5)","background-image":"","background-repeat":"repeat","background-position":"center center","background-size":"auto","background-attachment":"scroll","background-type":"","background-media":"","overlay-type":"","overlay-color":"","overlay-opacity":"","overlay-gradient":""},"tablet":{"background-color":"var(--ast-global-color-5)","background-image":"","background-repeat":"repeat","background-position":"center center","background-size":"auto","background-attachment":"scroll","background-type":"","background-media":"","overlay-type":"","overlay-color":"","overlay-opacity":"","overlay-gradient":""},"mobile":{"background-color":"var(--ast-global-color-5)","background-image":"","background-repeat":"repeat","background-position":"center center","background-size":"auto","background-attachment":"scroll","background-type":"","background-media":"","overlay-type":"","overlay-color":"","overlay-opacity":"","overlay-gradient":""}},"footnotes":""},"class_list":["post-3577","page","type-page","status-publish","hentry"],"yoast_head":"<!-- This site is optimized with the Yoast SEO plugin v25.5 - https:\/\/yoast.com\/wordpress\/plugins\/seo\/ -->\n<title>Real estate law - ABR-Initia Abogados<\/title>\n<meta name=\"robots\" content=\"index, follow, max-snippet:-1, max-image-preview:large, max-video-preview:-1\" \/>\n<link rel=\"canonical\" href=\"https:\/\/www.abr-initia.com\/en\/real-estate-law\/\" \/>\n<meta property=\"og:locale\" content=\"en_US\" \/>\n<meta property=\"og:type\" content=\"article\" \/>\n<meta property=\"og:title\" content=\"Real estate law - ABR-Initia Abogados\" \/>\n<meta property=\"og:description\" content=\"25 years dealing with real estate transactions. We\u00a0 handle all types of real estate transaction. Our services range\u00a0 from advising on the purchase and sale of a residential property to the development and promotion of land; We act on behalf of private clients, developers or investment companies. We provide a global response in everything related [&hellip;]\" \/>\n<meta property=\"og:url\" content=\"https:\/\/www.abr-initia.com\/en\/real-estate-law\/\" \/>\n<meta property=\"og:site_name\" content=\"ABR-Initia Abogados\" \/>\n<meta property=\"article:publisher\" content=\"https:\/\/www.facebook.com\/Initiaaboagados\/\" \/>\n<meta property=\"article:modified_time\" content=\"2020-01-15T07:29:43+00:00\" \/>\n<meta property=\"og:image\" content=\"https:\/\/www.abr-initia.com\/wp-content\/uploads\/2020\/01\/inmobiliario-initia.png\" \/>\n<meta name=\"twitter:card\" content=\"summary_large_image\" \/>\n<meta name=\"twitter:site\" content=\"@initiaabogados\" \/>\n<meta name=\"twitter:label1\" content=\"Est. reading time\" \/>\n\t<meta name=\"twitter:data1\" content=\"1 minute\" \/>\n<script type=\"application\/ld+json\" class=\"yoast-schema-graph\">{\"@context\":\"https:\/\/schema.org\",\"@graph\":[{\"@type\":\"WebPage\",\"@id\":\"https:\/\/www.abr-initia.com\/en\/real-estate-law\/\",\"url\":\"https:\/\/www.abr-initia.com\/en\/real-estate-law\/\",\"name\":\"Real estate law - ABR-Initia Abogados\",\"isPartOf\":{\"@id\":\"https:\/\/www.abr-initia.com\/#website\"},\"primaryImageOfPage\":{\"@id\":\"https:\/\/www.abr-initia.com\/en\/real-estate-law\/#primaryimage\"},\"image\":{\"@id\":\"https:\/\/www.abr-initia.com\/en\/real-estate-law\/#primaryimage\"},\"thumbnailUrl\":\"https:\/\/www.abr-initia.com\/wp-content\/uploads\/2020\/01\/inmobiliario-initia.png\",\"datePublished\":\"2020-01-14T11:38:23+00:00\",\"dateModified\":\"2020-01-15T07:29:43+00:00\",\"breadcrumb\":{\"@id\":\"https:\/\/www.abr-initia.com\/en\/real-estate-law\/#breadcrumb\"},\"inLanguage\":\"en-US\",\"potentialAction\":[{\"@type\":\"ReadAction\",\"target\":[\"https:\/\/www.abr-initia.com\/en\/real-estate-law\/\"]}]},{\"@type\":\"ImageObject\",\"inLanguage\":\"en-US\",\"@id\":\"https:\/\/www.abr-initia.com\/en\/real-estate-law\/#primaryimage\",\"url\":\"https:\/\/www.abr-initia.com\/wp-content\/uploads\/2020\/01\/inmobiliario-initia.png\",\"contentUrl\":\"https:\/\/www.abr-initia.com\/wp-content\/uploads\/2020\/01\/inmobiliario-initia.png\"},{\"@type\":\"BreadcrumbList\",\"@id\":\"https:\/\/www.abr-initia.com\/en\/real-estate-law\/#breadcrumb\",\"itemListElement\":[{\"@type\":\"ListItem\",\"position\":1,\"name\":\"Home\",\"item\":\"https:\/\/www.abr-initia.com\/en\/\"},{\"@type\":\"ListItem\",\"position\":2,\"name\":\"Real estate law\"}]},{\"@type\":\"WebSite\",\"@id\":\"https:\/\/www.abr-initia.com\/#website\",\"url\":\"https:\/\/www.abr-initia.com\/\",\"name\":\"ABR-Initia Abogados\",\"description\":\"ABR Initia es un despacho de abogados con m\u00e1s de 25 a\u00f1os de experiencia en V\u00e9lez M\u00e1laga. Est\u00e1 formado por un amplio equipo de abogados profesionales.\",\"publisher\":{\"@id\":\"https:\/\/www.abr-initia.com\/#organization\"},\"potentialAction\":[{\"@type\":\"SearchAction\",\"target\":{\"@type\":\"EntryPoint\",\"urlTemplate\":\"https:\/\/www.abr-initia.com\/?s={search_term_string}\"},\"query-input\":{\"@type\":\"PropertyValueSpecification\",\"valueRequired\":true,\"valueName\":\"search_term_string\"}}],\"inLanguage\":\"en-US\"},{\"@type\":\"Organization\",\"@id\":\"https:\/\/www.abr-initia.com\/#organization\",\"name\":\"ABR-Initia Abogados\",\"url\":\"https:\/\/www.abr-initia.com\/\",\"logo\":{\"@type\":\"ImageObject\",\"inLanguage\":\"en-US\",\"@id\":\"https:\/\/www.abr-initia.com\/#\/schema\/logo\/image\/\",\"url\":\"https:\/\/www.abr-initia.com\/wp-content\/uploads\/2020\/02\/portada-web-movil-414x500-1.jpg\",\"contentUrl\":\"https:\/\/www.abr-initia.com\/wp-content\/uploads\/2020\/02\/portada-web-movil-414x500-1.jpg\",\"width\":414,\"height\":500,\"caption\":\"ABR-Initia Abogados\"},\"image\":{\"@id\":\"https:\/\/www.abr-initia.com\/#\/schema\/logo\/image\/\"},\"sameAs\":[\"https:\/\/www.facebook.com\/Initiaaboagados\/\",\"https:\/\/x.com\/initiaabogados\"]}]}<\/script>\n<!-- \/ Yoast SEO plugin. -->","yoast_head_json":{"title":"Real estate law - ABR-Initia Abogados","robots":{"index":"index","follow":"follow","max-snippet":"max-snippet:-1","max-image-preview":"max-image-preview:large","max-video-preview":"max-video-preview:-1"},"canonical":"https:\/\/www.abr-initia.com\/en\/real-estate-law\/","og_locale":"en_US","og_type":"article","og_title":"Real estate law - ABR-Initia Abogados","og_description":"25 years dealing with real estate transactions. We\u00a0 handle all types of real estate transaction. Our services range\u00a0 from advising on the purchase and sale of a residential property to the development and promotion of land; We act on behalf of private clients, developers or investment companies. We provide a global response in everything related [&hellip;]","og_url":"https:\/\/www.abr-initia.com\/en\/real-estate-law\/","og_site_name":"ABR-Initia Abogados","article_publisher":"https:\/\/www.facebook.com\/Initiaaboagados\/","article_modified_time":"2020-01-15T07:29:43+00:00","og_image":[{"url":"https:\/\/www.abr-initia.com\/wp-content\/uploads\/2020\/01\/inmobiliario-initia.png","type":"","width":"","height":""}],"twitter_card":"summary_large_image","twitter_site":"@initiaabogados","twitter_misc":{"Est. reading time":"1 minute"},"schema":{"@context":"https:\/\/schema.org","@graph":[{"@type":"WebPage","@id":"https:\/\/www.abr-initia.com\/en\/real-estate-law\/","url":"https:\/\/www.abr-initia.com\/en\/real-estate-law\/","name":"Real estate law - ABR-Initia Abogados","isPartOf":{"@id":"https:\/\/www.abr-initia.com\/#website"},"primaryImageOfPage":{"@id":"https:\/\/www.abr-initia.com\/en\/real-estate-law\/#primaryimage"},"image":{"@id":"https:\/\/www.abr-initia.com\/en\/real-estate-law\/#primaryimage"},"thumbnailUrl":"https:\/\/www.abr-initia.com\/wp-content\/uploads\/2020\/01\/inmobiliario-initia.png","datePublished":"2020-01-14T11:38:23+00:00","dateModified":"2020-01-15T07:29:43+00:00","breadcrumb":{"@id":"https:\/\/www.abr-initia.com\/en\/real-estate-law\/#breadcrumb"},"inLanguage":"en-US","potentialAction":[{"@type":"ReadAction","target":["https:\/\/www.abr-initia.com\/en\/real-estate-law\/"]}]},{"@type":"ImageObject","inLanguage":"en-US","@id":"https:\/\/www.abr-initia.com\/en\/real-estate-law\/#primaryimage","url":"https:\/\/www.abr-initia.com\/wp-content\/uploads\/2020\/01\/inmobiliario-initia.png","contentUrl":"https:\/\/www.abr-initia.com\/wp-content\/uploads\/2020\/01\/inmobiliario-initia.png"},{"@type":"BreadcrumbList","@id":"https:\/\/www.abr-initia.com\/en\/real-estate-law\/#breadcrumb","itemListElement":[{"@type":"ListItem","position":1,"name":"Home","item":"https:\/\/www.abr-initia.com\/en\/"},{"@type":"ListItem","position":2,"name":"Real estate law"}]},{"@type":"WebSite","@id":"https:\/\/www.abr-initia.com\/#website","url":"https:\/\/www.abr-initia.com\/","name":"ABR-Initia Abogados","description":"ABR Initia es un despacho de abogados con m\u00e1s de 25 a\u00f1os de experiencia en V\u00e9lez M\u00e1laga. Est\u00e1 formado por un amplio equipo de abogados profesionales.","publisher":{"@id":"https:\/\/www.abr-initia.com\/#organization"},"potentialAction":[{"@type":"SearchAction","target":{"@type":"EntryPoint","urlTemplate":"https:\/\/www.abr-initia.com\/?s={search_term_string}"},"query-input":{"@type":"PropertyValueSpecification","valueRequired":true,"valueName":"search_term_string"}}],"inLanguage":"en-US"},{"@type":"Organization","@id":"https:\/\/www.abr-initia.com\/#organization","name":"ABR-Initia Abogados","url":"https:\/\/www.abr-initia.com\/","logo":{"@type":"ImageObject","inLanguage":"en-US","@id":"https:\/\/www.abr-initia.com\/#\/schema\/logo\/image\/","url":"https:\/\/www.abr-initia.com\/wp-content\/uploads\/2020\/02\/portada-web-movil-414x500-1.jpg","contentUrl":"https:\/\/www.abr-initia.com\/wp-content\/uploads\/2020\/02\/portada-web-movil-414x500-1.jpg","width":414,"height":500,"caption":"ABR-Initia Abogados"},"image":{"@id":"https:\/\/www.abr-initia.com\/#\/schema\/logo\/image\/"},"sameAs":["https:\/\/www.facebook.com\/Initiaaboagados\/","https:\/\/x.com\/initiaabogados"]}]}},"_links":{"self":[{"href":"https:\/\/www.abr-initia.com\/en\/wp-json\/wp\/v2\/pages\/3577","targetHints":{"allow":["GET"]}}],"collection":[{"href":"https:\/\/www.abr-initia.com\/en\/wp-json\/wp\/v2\/pages"}],"about":[{"href":"https:\/\/www.abr-initia.com\/en\/wp-json\/wp\/v2\/types\/page"}],"author":[{"embeddable":true,"href":"https:\/\/www.abr-initia.com\/en\/wp-json\/wp\/v2\/users\/1"}],"replies":[{"embeddable":true,"href":"https:\/\/www.abr-initia.com\/en\/wp-json\/wp\/v2\/comments?post=3577"}],"version-history":[{"count":8,"href":"https:\/\/www.abr-initia.com\/en\/wp-json\/wp\/v2\/pages\/3577\/revisions"}],"predecessor-version":[{"id":3770,"href":"https:\/\/www.abr-initia.com\/en\/wp-json\/wp\/v2\/pages\/3577\/revisions\/3770"}],"wp:attachment":[{"href":"https:\/\/www.abr-initia.com\/en\/wp-json\/wp\/v2\/media?parent=3577"}],"curies":[{"name":"wp","href":"https:\/\/api.w.org\/{rel}","templated":true}]}}