{"id":3536,"date":"2020-01-14T12:14:42","date_gmt":"2020-01-14T11:14:42","guid":{"rendered":"https:\/\/www.abr-initia.com\/contact\/"},"modified":"2021-10-11T13:17:43","modified_gmt":"2021-10-11T11:17:43","slug":"contact","status":"publish","type":"page","link":"https:\/\/www.abr-initia.com\/en\/contact\/","title":{"rendered":"Contact"},"content":{"rendered":"\t\t<div data-elementor-type=\"wp-page\" data-elementor-id=\"3536\" class=\"elementor elementor-3536 elementor-3212\" data-elementor-post-type=\"page\">\n\t\t\t\t\t\t<section class=\"elementor-section elementor-top-section elementor-element elementor-element-2e109416 elementor-section-height-min-height elementor-section-boxed elementor-section-height-default elementor-section-items-middle\" data-id=\"2e109416\" data-element_type=\"section\" data-settings=\"{&quot;background_background&quot;:&quot;classic&quot;}\">\n\t\t\t\t\t\t\t<div class=\"elementor-background-overlay\"><\/div>\n\t\t\t\t\t\t\t<div class=\"elementor-container elementor-column-gap-default\">\n\t\t\t\t\t<div class=\"elementor-column elementor-col-100 elementor-top-column elementor-element elementor-element-29326d68\" data-id=\"29326d68\" data-element_type=\"column\">\n\t\t\t<div class=\"elementor-widget-wrap elementor-element-populated\">\n\t\t\t\t\t\t<div class=\"elementor-element elementor-element-16928333 elementor-widget elementor-widget-text-editor\" data-id=\"16928333\" data-element_type=\"widget\" data-widget_type=\"text-editor.default\">\n\t\t\t\t<div class=\"elementor-widget-container\">\n\t\t\t\t\t\t\t\t\t<p style=\"text-align: left;\">If you need information do not hesitate to contact us.<\/p>\n\t\t\t\t\t\t\t\t<\/div>\n\t\t\t\t<\/div>\n\t\t\t\t\t<\/div>\n\t\t<\/div>\n\t\t\t\t\t<\/div>\n\t\t<\/section>\n\t\t\t\t<section class=\"elementor-section elementor-top-section elementor-element elementor-element-16915725 elementor-section-content-middle elementor-section-boxed elementor-section-height-default elementor-section-height-default\" data-id=\"16915725\" data-element_type=\"section\">\n\t\t\t\t\t\t<div class=\"elementor-container elementor-column-gap-no\">\n\t\t\t\t\t<div class=\"elementor-column elementor-col-100 elementor-top-column elementor-element elementor-element-c485d9d\" data-id=\"c485d9d\" data-element_type=\"column\">\n\t\t\t<div class=\"elementor-widget-wrap elementor-element-populated\">\n\t\t\t\t\t\t<section class=\"elementor-section elementor-inner-section elementor-element elementor-element-6e959d1c elementor-section-boxed elementor-section-height-default elementor-section-height-default\" data-id=\"6e959d1c\" data-element_type=\"section\">\n\t\t\t\t\t\t<div class=\"elementor-container elementor-column-gap-default\">\n\t\t\t\t\t<div class=\"elementor-column elementor-col-50 elementor-inner-column elementor-element elementor-element-f7459ea\" data-id=\"f7459ea\" data-element_type=\"column\">\n\t\t\t<div class=\"elementor-widget-wrap elementor-element-populated\">\n\t\t\t\t\t\t<div class=\"elementor-element elementor-element-7b73c03c elementor-widget elementor-widget-heading\" data-id=\"7b73c03c\" data-element_type=\"widget\" data-widget_type=\"heading.default\">\n\t\t\t\t<div class=\"elementor-widget-container\">\n\t\t\t\t\t<h5 class=\"elementor-heading-title elementor-size-default\">MALAGA OFFICE:<\/h5>\t\t\t\t<\/div>\n\t\t\t\t<\/div>\n\t\t\t\t<div class=\"elementor-element elementor-element-53d4ad11 elementor-widget elementor-widget-text-editor\" data-id=\"53d4ad11\" data-element_type=\"widget\" data-widget_type=\"text-editor.default\">\n\t\t\t\t<div class=\"elementor-widget-container\">\n\t\t\t\t\t\t\t\t\t<p style=\"text-align: center;\">Solidarity Square No 12 29006 Malaga<\/p>\n\t\t\t\t\t\t\t\t<\/div>\n\t\t\t\t<\/div>\n\t\t\t\t\t<\/div>\n\t\t<\/div>\n\t\t\t\t<div class=\"elementor-column elementor-col-50 elementor-inner-column elementor-element elementor-element-5402ad46\" data-id=\"5402ad46\" data-element_type=\"column\">\n\t\t\t<div class=\"elementor-widget-wrap elementor-element-populated\">\n\t\t\t\t\t\t<div class=\"elementor-element elementor-element-7b89c1f7 elementor-widget elementor-widget-heading\" data-id=\"7b89c1f7\" data-element_type=\"widget\" data-widget_type=\"heading.default\">\n\t\t\t\t<div class=\"elementor-widget-container\">\n\t\t\t\t\t<h5 class=\"elementor-heading-title elementor-size-default\">LAW-LAMON OFFICE:<\/h5>\t\t\t\t<\/div>\n\t\t\t\t<\/div>\n\t\t\t\t<div class=\"elementor-element elementor-element-45c22e9d elementor-widget elementor-widget-text-editor\" data-id=\"45c22e9d\" data-element_type=\"widget\" data-widget_type=\"text-editor.default\">\n\t\t\t\t<div class=\"elementor-widget-container\">\n\t\t\t\t\t\t\t\t\t<p style=\"text-align: center;\">Camino Viejo de M\u00e1laga, 28 29700 V\u00e9lez-M\u00e1laga, Malaga<\/p>\n\t\t\t\t\t\t\t\t<\/div>\n\t\t\t\t<\/div>\n\t\t\t\t\t<\/div>\n\t\t<\/div>\n\t\t\t\t\t<\/div>\n\t\t<\/section>\n\t\t\t\t\t<\/div>\n\t\t<\/div>\n\t\t\t\t\t<\/div>\n\t\t<\/section>\n\t\t\t\t<section class=\"elementor-section elementor-top-section elementor-element elementor-element-2bc7c0d5 elementor-section-full_width elementor-section-height-default elementor-section-height-default\" data-id=\"2bc7c0d5\" data-element_type=\"section\" data-settings=\"{&quot;background_background&quot;:&quot;classic&quot;}\">\n\t\t\t\t\t\t<div class=\"elementor-container elementor-column-gap-default\">\n\t\t\t\t\t<div class=\"elementor-column elementor-col-100 elementor-top-column elementor-element elementor-element-5fbef30c\" data-id=\"5fbef30c\" data-element_type=\"column\">\n\t\t\t<div class=\"elementor-widget-wrap elementor-element-populated\">\n\t\t\t\t\t\t<div class=\"elementor-element elementor-element-558b5293 elementor-widget elementor-widget-text-editor\" data-id=\"558b5293\" data-element_type=\"widget\" data-widget_type=\"text-editor.default\">\n\t\t\t\t<div class=\"elementor-widget-container\">\n\t\t\t\t\t\t\t\t\t<div id=\"text-block-10\" class=\"mk-text-block \">\n<div id=\"text-block-10\" class=\"mk-text-block \">\n<p style=\"text-align: center;\">Fill out the form below and we will contact you as soon as possible.<\/p>\n<\/div>\n<\/div>\n\t\t\t\t\t\t\t\t<\/div>\n\t\t\t\t<\/div>\n\t\t\t\t<div class=\"elementor-element elementor-element-a51b4b3 elementor-button-align-stretch elementor-widget elementor-widget-form\" data-id=\"a51b4b3\" data-element_type=\"widget\" data-settings=\"{&quot;step_next_label&quot;:&quot;Next&quot;,&quot;step_previous_label&quot;:&quot;Previous&quot;,&quot;button_width&quot;:&quot;25&quot;,&quot;step_type&quot;:&quot;number_text&quot;,&quot;step_icon_shape&quot;:&quot;circle&quot;}\" data-widget_type=\"form.default\">\n\t\t\t\t<div class=\"elementor-widget-container\">\n\t\t\t\t\t\t\t<form class=\"elementor-form\" method=\"post\" name=\"New Form\" aria-label=\"New Form\">\n\t\t\t<input type=\"hidden\" name=\"post_id\" value=\"3536\"\/>\n\t\t\t<input type=\"hidden\" name=\"form_id\" value=\"a51b4b3\"\/>\n\t\t\t<input type=\"hidden\" name=\"referer_title\" value=\"ABR-Initia Abogados\" \/>\n\n\t\t\t\n\t\t\t<div class=\"elementor-form-fields-wrapper elementor-labels-above\">\n\t\t\t\t\t\t\t\t<div class=\"elementor-field-type-text elementor-field-group elementor-column elementor-field-group-name elementor-col-100 elementor-field-required\">\n\t\t\t\t\t\t\t\t\t\t\t\t<label for=\"form-field-name\" class=\"elementor-field-label\">\n\t\t\t\t\t\t\t\tName\t\t\t\t\t\t\t<\/label>\n\t\t\t\t\t\t\t\t\t\t\t\t\t\t<input size=\"1\" type=\"text\" name=\"form_fields[name]\" id=\"form-field-name\" class=\"elementor-field elementor-size-sm  elementor-field-textual\" placeholder=\"Name\" required=\"required\">\n\t\t\t\t\t\t\t\t\t\t\t<\/div>\n\t\t\t\t\t\t\t\t<div class=\"elementor-field-type-email elementor-field-group elementor-column elementor-field-group-email elementor-col-100 elementor-field-required\">\n\t\t\t\t\t\t\t\t\t\t\t\t<label for=\"form-field-email\" class=\"elementor-field-label\">\n\t\t\t\t\t\t\t\tmail\t\t\t\t\t\t\t<\/label>\n\t\t\t\t\t\t\t\t\t\t\t\t\t\t<input size=\"1\" type=\"email\" name=\"form_fields[email]\" id=\"form-field-email\" class=\"elementor-field elementor-size-sm  elementor-field-textual\" placeholder=\"mail\" required=\"required\">\n\t\t\t\t\t\t\t\t\t\t\t<\/div>\n\t\t\t\t\t\t\t\t<div class=\"elementor-field-type-textarea elementor-field-group elementor-column elementor-field-group-message elementor-col-100 elementor-field-required\">\n\t\t\t\t\t\t\t\t\t\t\t\t<label for=\"form-field-message\" class=\"elementor-field-label\">\n\t\t\t\t\t\t\t\tMessage\t\t\t\t\t\t\t<\/label>\n\t\t\t\t\t\t<textarea class=\"elementor-field-textual elementor-field  elementor-size-sm\" name=\"form_fields[message]\" id=\"form-field-message\" rows=\"4\" placeholder=\"Message\" required=\"required\"><\/textarea>\t\t\t\t<\/div>\n\t\t\t\t\t\t\t\t<div class=\"elementor-field-type-recaptcha_v3 elementor-field-group elementor-column elementor-field-group-field_9007683 elementor-col-100 recaptcha_v3-inline\">\n\t\t\t\t\t<div class=\"elementor-field\" id=\"form-field-field_9007683\"><div class=\"elementor-g-recaptcha\" data-sitekey=\"6Ld71cIcAAAAANdMRKurImylYzv5ufckAhf4kkJ7\" data-type=\"v3\" data-action=\"Form\" data-badge=\"inline\" data-size=\"invisible\"><\/div><\/div>\t\t\t\t<\/div>\n\t\t\t\t\t\t\t\t<div class=\"elementor-field-group elementor-column elementor-field-type-submit elementor-col-25 e-form__buttons\">\n\t\t\t\t\t<button class=\"elementor-button elementor-size-sm\" type=\"submit\">\n\t\t\t\t\t\t<span class=\"elementor-button-content-wrapper\">\n\t\t\t\t\t\t\t\t\t\t\t\t\t\t\t\t\t\t\t\t\t\t<span class=\"elementor-button-text\">Send<\/span>\n\t\t\t\t\t\t\t\t\t\t\t\t\t<\/span>\n\t\t\t\t\t<\/button>\n\t\t\t\t<\/div>\n\t\t\t<\/div>\n\t\t<\/form>\n\t\t\t\t\t\t<\/div>\n\t\t\t\t<\/div>\n\t\t\t\t\t<\/div>\n\t\t<\/div>\n\t\t\t\t\t<\/div>\n\t\t<\/section>\n\t\t\t\t<\/div>\n\t\t","protected":false},"excerpt":{"rendered":"<p>If you need information do not hesitate to contact us. MALAGA OFFICE: Solidarity Square No 12 29006 Malaga LAW-LAMON OFFICE: Camino Viejo de M\u00e1laga, 28 29700 V\u00e9lez-M\u00e1laga, Malaga Fill out the form below and we will contact you as soon as possible.<\/p>\n","protected":false},"author":1,"featured_media":0,"parent":0,"menu_order":0,"comment_status":"open","ping_status":"closed","template":"elementor_header_footer","meta":{"site-sidebar-layout":"no-sidebar","site-content-layout":"page-builder","ast-site-content-layout":"","site-content-style":"default","site-sidebar-style":"default","ast-global-header-display":"","ast-banner-title-visibility":"","ast-main-header-display":"","ast-hfb-above-header-display":"","ast-hfb-below-header-display":"","ast-hfb-mobile-header-display":"","site-post-title":"disabled","ast-breadcrumbs-content":"","ast-featured-img":"disabled","footer-sml-layout":"","theme-transparent-header-meta":"default","adv-header-id-meta":"","stick-header-meta":"","header-above-stick-meta":"","header-main-stick-meta":"","header-below-stick-meta":"","astra-migrate-meta-layouts":"default","ast-page-background-enabled":"default","ast-page-background-meta":{"desktop":{"background-color":"","background-image":"","background-repeat":"repeat","background-position":"center center","background-size":"auto","background-attachment":"scroll","background-type":"","background-media":"","overlay-type":"","overlay-color":"","overlay-opacity":"","overlay-gradient":""},"tablet":{"background-color":"","background-image":"","background-repeat":"repeat","background-position":"center center","background-size":"auto","background-attachment":"scroll","background-type":"","background-media":"","overlay-type":"","overlay-color":"","overlay-opacity":"","overlay-gradient":""},"mobile":{"background-color":"","background-image":"","background-repeat":"repeat","background-position":"center center","background-size":"auto","background-attachment":"scroll","background-type":"","background-media":"","overlay-type":"","overlay-color":"","overlay-opacity":"","overlay-gradient":""}},"ast-content-background-meta":{"desktop":{"background-color":"var(--ast-global-color-5)","background-image":"","background-repeat":"repeat","background-position":"center center","background-size":"auto","background-attachment":"scroll","background-type":"","background-media":"","overlay-type":"","overlay-color":"","overlay-opacity":"","overlay-gradient":""},"tablet":{"background-color":"var(--ast-global-color-5)","background-image":"","background-repeat":"repeat","background-position":"center center","background-size":"auto","background-attachment":"scroll","background-type":"","background-media":"","overlay-type":"","overlay-color":"","overlay-opacity":"","overlay-gradient":""},"mobile":{"background-color":"var(--ast-global-color-5)","background-image":"","background-repeat":"repeat","background-position":"center center","background-size":"auto","background-attachment":"scroll","background-type":"","background-media":"","overlay-type":"","overlay-color":"","overlay-opacity":"","overlay-gradient":""}},"footnotes":""},"class_list":["post-3536","page","type-page","status-publish","hentry"],"yoast_head":"<!-- This site is optimized with the Yoast SEO plugin v25.5 - https:\/\/yoast.com\/wordpress\/plugins\/seo\/ -->\n<title>Contact - ABR-Initia Abogados<\/title>\n<meta name=\"robots\" content=\"index, follow, max-snippet:-1, max-image-preview:large, max-video-preview:-1\" \/>\n<link rel=\"canonical\" href=\"https:\/\/www.abr-initia.com\/en\/contact\/\" \/>\n<meta property=\"og:locale\" content=\"en_US\" \/>\n<meta property=\"og:type\" content=\"article\" \/>\n<meta property=\"og:title\" content=\"Contact - ABR-Initia Abogados\" \/>\n<meta property=\"og:description\" content=\"If you need information do not hesitate to contact us. MALAGA OFFICE: Solidarity Square No 12 29006 Malaga LAW-LAMON OFFICE: Camino Viejo de M\u00e1laga, 28 29700 V\u00e9lez-M\u00e1laga, Malaga Fill out the form below and we will contact you as soon as possible.\" \/>\n<meta property=\"og:url\" content=\"https:\/\/www.abr-initia.com\/en\/contact\/\" \/>\n<meta property=\"og:site_name\" content=\"ABR-Initia Abogados\" \/>\n<meta property=\"article:publisher\" content=\"https:\/\/www.facebook.com\/Initiaaboagados\/\" \/>\n<meta property=\"article:modified_time\" content=\"2021-10-11T11:17:43+00:00\" \/>\n<meta name=\"twitter:card\" content=\"summary_large_image\" \/>\n<meta name=\"twitter:site\" content=\"@initiaabogados\" \/>\n<script type=\"application\/ld+json\" class=\"yoast-schema-graph\">{\"@context\":\"https:\/\/schema.org\",\"@graph\":[{\"@type\":\"WebPage\",\"@id\":\"https:\/\/www.abr-initia.com\/en\/contact\/\",\"url\":\"https:\/\/www.abr-initia.com\/en\/contact\/\",\"name\":\"Contact - ABR-Initia Abogados\",\"isPartOf\":{\"@id\":\"https:\/\/www.abr-initia.com\/#website\"},\"datePublished\":\"2020-01-14T11:14:42+00:00\",\"dateModified\":\"2021-10-11T11:17:43+00:00\",\"breadcrumb\":{\"@id\":\"https:\/\/www.abr-initia.com\/en\/contact\/#breadcrumb\"},\"inLanguage\":\"en-US\",\"potentialAction\":[{\"@type\":\"ReadAction\",\"target\":[\"https:\/\/www.abr-initia.com\/en\/contact\/\"]}]},{\"@type\":\"BreadcrumbList\",\"@id\":\"https:\/\/www.abr-initia.com\/en\/contact\/#breadcrumb\",\"itemListElement\":[{\"@type\":\"ListItem\",\"position\":1,\"name\":\"Home\",\"item\":\"https:\/\/www.abr-initia.com\/en\/\"},{\"@type\":\"ListItem\",\"position\":2,\"name\":\"Contact\"}]},{\"@type\":\"WebSite\",\"@id\":\"https:\/\/www.abr-initia.com\/#website\",\"url\":\"https:\/\/www.abr-initia.com\/\",\"name\":\"ABR-Initia Abogados\",\"description\":\"ABR Initia es un despacho de abogados con m\u00e1s de 25 a\u00f1os de experiencia en V\u00e9lez M\u00e1laga. Est\u00e1 formado por un amplio equipo de abogados profesionales.\",\"publisher\":{\"@id\":\"https:\/\/www.abr-initia.com\/#organization\"},\"potentialAction\":[{\"@type\":\"SearchAction\",\"target\":{\"@type\":\"EntryPoint\",\"urlTemplate\":\"https:\/\/www.abr-initia.com\/?s={search_term_string}\"},\"query-input\":{\"@type\":\"PropertyValueSpecification\",\"valueRequired\":true,\"valueName\":\"search_term_string\"}}],\"inLanguage\":\"en-US\"},{\"@type\":\"Organization\",\"@id\":\"https:\/\/www.abr-initia.com\/#organization\",\"name\":\"ABR-Initia Abogados\",\"url\":\"https:\/\/www.abr-initia.com\/\",\"logo\":{\"@type\":\"ImageObject\",\"inLanguage\":\"en-US\",\"@id\":\"https:\/\/www.abr-initia.com\/#\/schema\/logo\/image\/\",\"url\":\"https:\/\/www.abr-initia.com\/wp-content\/uploads\/2020\/02\/portada-web-movil-414x500-1.jpg\",\"contentUrl\":\"https:\/\/www.abr-initia.com\/wp-content\/uploads\/2020\/02\/portada-web-movil-414x500-1.jpg\",\"width\":414,\"height\":500,\"caption\":\"ABR-Initia Abogados\"},\"image\":{\"@id\":\"https:\/\/www.abr-initia.com\/#\/schema\/logo\/image\/\"},\"sameAs\":[\"https:\/\/www.facebook.com\/Initiaaboagados\/\",\"https:\/\/x.com\/initiaabogados\"]}]}<\/script>\n<!-- \/ Yoast SEO plugin. -->","yoast_head_json":{"title":"Contact - ABR-Initia Abogados","robots":{"index":"index","follow":"follow","max-snippet":"max-snippet:-1","max-image-preview":"max-image-preview:large","max-video-preview":"max-video-preview:-1"},"canonical":"https:\/\/www.abr-initia.com\/en\/contact\/","og_locale":"en_US","og_type":"article","og_title":"Contact - ABR-Initia Abogados","og_description":"If you need information do not hesitate to contact us. MALAGA OFFICE: Solidarity Square No 12 29006 Malaga LAW-LAMON OFFICE: Camino Viejo de M\u00e1laga, 28 29700 V\u00e9lez-M\u00e1laga, Malaga Fill out the form below and we will contact you as soon as possible.","og_url":"https:\/\/www.abr-initia.com\/en\/contact\/","og_site_name":"ABR-Initia Abogados","article_publisher":"https:\/\/www.facebook.com\/Initiaaboagados\/","article_modified_time":"2021-10-11T11:17:43+00:00","twitter_card":"summary_large_image","twitter_site":"@initiaabogados","schema":{"@context":"https:\/\/schema.org","@graph":[{"@type":"WebPage","@id":"https:\/\/www.abr-initia.com\/en\/contact\/","url":"https:\/\/www.abr-initia.com\/en\/contact\/","name":"Contact - ABR-Initia Abogados","isPartOf":{"@id":"https:\/\/www.abr-initia.com\/#website"},"datePublished":"2020-01-14T11:14:42+00:00","dateModified":"2021-10-11T11:17:43+00:00","breadcrumb":{"@id":"https:\/\/www.abr-initia.com\/en\/contact\/#breadcrumb"},"inLanguage":"en-US","potentialAction":[{"@type":"ReadAction","target":["https:\/\/www.abr-initia.com\/en\/contact\/"]}]},{"@type":"BreadcrumbList","@id":"https:\/\/www.abr-initia.com\/en\/contact\/#breadcrumb","itemListElement":[{"@type":"ListItem","position":1,"name":"Home","item":"https:\/\/www.abr-initia.com\/en\/"},{"@type":"ListItem","position":2,"name":"Contact"}]},{"@type":"WebSite","@id":"https:\/\/www.abr-initia.com\/#website","url":"https:\/\/www.abr-initia.com\/","name":"ABR-Initia Abogados","description":"ABR Initia es un despacho de abogados con m\u00e1s de 25 a\u00f1os de experiencia en V\u00e9lez M\u00e1laga. Est\u00e1 formado por un amplio equipo de abogados profesionales.","publisher":{"@id":"https:\/\/www.abr-initia.com\/#organization"},"potentialAction":[{"@type":"SearchAction","target":{"@type":"EntryPoint","urlTemplate":"https:\/\/www.abr-initia.com\/?s={search_term_string}"},"query-input":{"@type":"PropertyValueSpecification","valueRequired":true,"valueName":"search_term_string"}}],"inLanguage":"en-US"},{"@type":"Organization","@id":"https:\/\/www.abr-initia.com\/#organization","name":"ABR-Initia Abogados","url":"https:\/\/www.abr-initia.com\/","logo":{"@type":"ImageObject","inLanguage":"en-US","@id":"https:\/\/www.abr-initia.com\/#\/schema\/logo\/image\/","url":"https:\/\/www.abr-initia.com\/wp-content\/uploads\/2020\/02\/portada-web-movil-414x500-1.jpg","contentUrl":"https:\/\/www.abr-initia.com\/wp-content\/uploads\/2020\/02\/portada-web-movil-414x500-1.jpg","width":414,"height":500,"caption":"ABR-Initia Abogados"},"image":{"@id":"https:\/\/www.abr-initia.com\/#\/schema\/logo\/image\/"},"sameAs":["https:\/\/www.facebook.com\/Initiaaboagados\/","https:\/\/x.com\/initiaabogados"]}]}},"_links":{"self":[{"href":"https:\/\/www.abr-initia.com\/en\/wp-json\/wp\/v2\/pages\/3536","targetHints":{"allow":["GET"]}}],"collection":[{"href":"https:\/\/www.abr-initia.com\/en\/wp-json\/wp\/v2\/pages"}],"about":[{"href":"https:\/\/www.abr-initia.com\/en\/wp-json\/wp\/v2\/types\/page"}],"author":[{"embeddable":true,"href":"https:\/\/www.abr-initia.com\/en\/wp-json\/wp\/v2\/users\/1"}],"replies":[{"embeddable":true,"href":"https:\/\/www.abr-initia.com\/en\/wp-json\/wp\/v2\/comments?post=3536"}],"version-history":[{"count":12,"href":"https:\/\/www.abr-initia.com\/en\/wp-json\/wp\/v2\/pages\/3536\/revisions"}],"predecessor-version":[{"id":5046,"href":"https:\/\/www.abr-initia.com\/en\/wp-json\/wp\/v2\/pages\/3536\/revisions\/5046"}],"wp:attachment":[{"href":"https:\/\/www.abr-initia.com\/en\/wp-json\/wp\/v2\/media?parent=3536"}],"curies":[{"name":"wp","href":"https:\/\/api.w.org\/{rel}","templated":true}]}}